{"id":152,"date":"2017-11-30T13:46:14","date_gmt":"2017-11-30T15:46:14","guid":{"rendered":"http:\/\/lavandaspa.com.br\/loja\/?page_id=152"},"modified":"2018-04-24T17:33:42","modified_gmt":"2018-04-24T20:33:42","slug":"termos-e-condicoes-de-uso","status":"publish","type":"page","link":"https:\/\/lavandaspa.com.br\/loja\/termos-e-condicoes-de-uso\/","title":{"rendered":"Termos e condi\u00e7\u00f5es de uso"},"content":{"rendered":"<p>O <strong>GiftCard Lavanda<\/strong> \u00e9 uma excelente op\u00e7\u00e3o para voc\u00ea presentear pessoas especiais com originalidade e muitos benef\u00edcios para o corpo e a mente. No\u00a0nosso\u00a0voucher Eletr\u00f4nico consta a descri\u00e7\u00e3o dos servi\u00e7os adquiridos, nome do presenteado e mensagem personalizada, sendo este intransfer\u00edvel.<\/p>\n<p>A pessoa presenteada dever\u00e1 ligar para o n\u00famero que consta no voucher, agendar a terapia, informando nome e c\u00f3digo.<\/p>\n<p>O valor total do servi\u00e7o presenteado dever\u00e1 ser usado em uma \u00fanica visita (n\u00e3o haver\u00e1 troco ou cr\u00e9dito).<\/p>\n<p>Nosso Gift Card tem a validade de 3 meses da data que constar no voucher. Terapias com valores promocionais podem ter o prazo de validade reduzido.<\/p>\n<p>Para a utiliza\u00e7\u00e3o do voucher eletr\u00f4nico ap\u00f3s o prazo de validade \u00e9 necess\u00e1rio o envio de e-mail de solicita\u00e7\u00e3o e pagamento de taxa equivalente a 20% do valor dos servi\u00e7os do voucher vigentes \u00e0 \u00e9poca da solicita\u00e7\u00e3o. O per\u00edodo limite para solicitar a prorroga\u00e7\u00e3o de voucher \u00e9 de at\u00e9 seis meses de vencido de sua data original.<\/p>\n<p>Uma vez agendada a sess\u00e3o, o n\u00e3o comparecimento poder\u00e1 implicar a perda da validade do GiftCard, exceto se desmarcada com anteced\u00eancia de 5h. Sendo permitido o reagendamento para uma \u00fanica vez.<\/p>\n<p>Voc\u00ea poder\u00e1 optar por efetuar o pagamento via dep\u00f3sito. Nesse caso, entre em contato pelo e-mail\u00a0contato@lavandaspa.com.br\u00a0e enviaremos os dados da conta para dep\u00f3sito.<\/p>\n<p><strong>OU nesse caso seria:<\/strong><\/p>\n<p>Voc\u00ea poder\u00e1 optar por efetuar o pagamento via dep\u00f3sito. Nesse caso, ap\u00f3s realizado o pagamento em conta corrente fornecida ap\u00f3s a escolha desta op\u00e7\u00e3o, envie-nos o seu comprovante pelo e- mail\u00a0contato@lavandaspa.com.br\u00a0e validaremos o GiftCard do servi\u00e7o escolhido.<\/p>\n<p><strong>PagSeguro:<\/strong><\/p>\n<p>A loja realiza as transa\u00e7\u00f5es atrav\u00e9s do PagSeguro da UOL. Seu voucher ser\u00e1 emitido e enviado ap\u00f3s confirma\u00e7\u00e3o do PagSeguro.<\/p>\n<p>Os valores de taxas de opera\u00e7\u00f5es n\u00e3o est\u00e3o inclusos no valor do servi\u00e7o.<\/p>\n","protected":false},"excerpt":{"rendered":"<p>O GiftCard Lavanda \u00e9 uma excelente op\u00e7\u00e3o para voc\u00ea presentear pessoas especiais com originalidade e muitos benef\u00edcios para o corpo<\/p>\n","protected":false},"author":2,"featured_media":0,"parent":0,"menu_order":0,"comment_status":"closed","ping_status":"closed","template":"","meta":{"_exactmetrics_skip_tracking":false,"_exactmetrics_sitenote_active":false,"_exactmetrics_sitenote_note":"","_exactmetrics_sitenote_category":0,"footnotes":""},"class_list":["post-152","page","type-page","status-publish","hentry"],"_links":{"self":[{"href":"https:\/\/lavandaspa.com.br\/loja\/wp-json\/wp\/v2\/pages\/152","targetHints":{"allow":["GET"]}}],"collection":[{"href":"https:\/\/lavandaspa.com.br\/loja\/wp-json\/wp\/v2\/pages"}],"about":[{"href":"https:\/\/lavandaspa.com.br\/loja\/wp-json\/wp\/v2\/types\/page"}],"author":[{"embeddable":true,"href":"https:\/\/lavandaspa.com.br\/loja\/wp-json\/wp\/v2\/users\/2"}],"replies":[{"embeddable":true,"href":"https:\/\/lavandaspa.com.br\/loja\/wp-json\/wp\/v2\/comments?post=152"}],"version-history":[{"count":4,"href":"https:\/\/lavandaspa.com.br\/loja\/wp-json\/wp\/v2\/pages\/152\/revisions"}],"predecessor-version":[{"id":2421,"href":"https:\/\/lavandaspa.com.br\/loja\/wp-json\/wp\/v2\/pages\/152\/revisions\/2421"}],"wp:attachment":[{"href":"https:\/\/lavandaspa.com.br\/loja\/wp-json\/wp\/v2\/media?parent=152"}],"curies":[{"name":"wp","href":"https:\/\/api.w.org\/{rel}","templated":true}]}}