{"id":646,"date":"2017-06-26T14:07:05","date_gmt":"2017-06-26T14:07:05","guid":{"rendered":"http:\/\/dummy.xtemos.com\/woodmart\/demos\/?page_id=646"},"modified":"2020-10-21T14:12:09","modified_gmt":"2020-10-21T17:12:09","slug":"contato","status":"publish","type":"page","link":"https:\/\/lavandaspa.com.br\/loja\/contato\/","title":{"rendered":"Contato"},"content":{"rendered":"<p>[vc_row full_width=&#8221;stretch_row_content_no_spaces&#8221; css_animation=&#8221;none&#8221; css=&#8221;.vc_custom_1496927007057{margin-top: -40px !important;margin-bottom: 8vh !important;}&#8221;][vc_column]\n\t\t\t\t\t\n\t\t\t\t<div class=\"google-map-container  content-vertical-middle content-horizontal-left map-container-with-content\" style=\"height:500px;\">\n\n\t\t\t\t\t<div class=\"woodmart-google-map-wrapper\">\n\t\t\t\t\t\t<div class=\"woodmart-google-map with-content google-map-362\"><\/div>\n\t\t\t\t\t<\/div>\n\t\t\t\t\t<div class=\"woodmart-google-map-content-wrap\">\n\t\t\t\t\t\t<div class=\"woodmart-google-map-content\" style=\"max-width: 340px;\">\n\t\t\t\t\t\t\t\t\t\t<div class=\" woodmart-info-box text-left box-title-default icon-alignment-left box- color-scheme-dark with-btn btn-position-static vc_custom_1603299893332\"  >\n\t\t\t\t\t\t\t\t<div class=\"info-box-content\">\n\t\t\t\t\t<div class=\"info-box-subtitle subtitle-style-default subtitle-color-default\">LAVANDA FITNESS SPA<\/div><h4 class=\"info-box-title\">VENHA NOS VISITAR<\/h4>\t\t\t\t\t<div class=\"info-box-inner\">\n\t\t\t\t\t\tEstrada da G\u00e1vea, 899 &#8211; 1\u00ba piso, loja 122 &#8211; Fashion Mall &#8211; S\u00e3o Conrado<br \/>\nRio de Janeiro &#8211; 22610-002\t\t\t\t\t<\/div>\n\n\t\t\t\t\t<div class=\"info-btn-wrapper\"><div id=\"button-69dedd6c8543a\" class=\"woodmart-button-wrapper text-left\"><a  class=\"btn btn-color-default btn-scheme-light btn-scheme-hover-light btn-style-link btn-shape-rectangle btn-size-default\">Veja onde estamos<\/a><\/div><\/div>\t\t\t\t\t\n\t\t\t\t<\/div>\n\t\t\t<\/div>\n\t\t\t\t\t\t\t\t<\/div>\n\t\t\t\t\t<\/div>\n\n\t\t\t\t<\/div>\n\t\t\t\t\t[\/vc_column][\/vc_row][vc_row equal_height=&#8221;yes&#8221; css_animation=&#8221;none&#8221; css=&#8221;.vc_custom_1496926452255{margin-right: -50px !important;margin-left: -50px !important;}&#8221;][vc_column css=&#8221;.vc_custom_1496927710186{border-right-width: 1px !important;padding-top: 20px !important;padding-right: 50px !important;padding-bottom: 10px !important;padding-left: 50px !important;border-right-color: #e8e8e8 !important;border-right-style: solid !important;}&#8221; offset=&#8221;vc_col-lg-6 vc_col-md-6&#8243;]\n\t\t<div id=\"woodmart-title-id-69dedd6c854b1\" class=\"title-wrapper  woodmart-title-color-default woodmart-title-style-default woodmart-title-size-default woodmart-title-width-100 text-left \">\n\n\t\t\t\t\t\t\t<div class=\"title-subtitle  font-default style-default\">INFORMA\u00c7\u00d5ES<\/div>\n\t\t\t\n\t\t\t<div class=\"liner-continer\">\n\t\t\t\t<span class=\"left-line\"><\/span>\n\t\t\t\t <h4 class=\"woodmart-title-container title  woodmart-font-weight-\" >PERGUNTAS FREQUENTES<\/h4>\t\t\t\t \t\t\t\t<span class=\"right-line\"><\/span>\n\t\t\t<\/div>\n\t\t\t\n\t\t\t\t\t\t\n\t\t\t\n\t\t<\/div>\n\t\t\n\t\t[vc_tta_accordion shape=&#8221;square&#8221; color=&#8221;white&#8221; c_icon=&#8221;chevron&#8221; c_position=&#8221;right&#8221; active_section=&#8221;1&#8243; no_fill=&#8221;true&#8221; collapsible_all=&#8221;true&#8221;][vc_tta_section title=&#8221;Como funciona o GiftCard?&#8221; tab_id=&#8221;1484049984208-4e284a2e-4b83&#8243;][vc_column_text]O <strong>GiftCard Lavanda<\/strong> \u00e9 uma excelente op\u00e7\u00e3o para voc\u00ea presentear pessoas especiais com originalidade e muitos benef\u00edcios para o corpo e a mente.<\/p>\n<p>No\u00a0nosso\u00a0voucher eletr\u00f4nico consta a descri\u00e7\u00e3o dos servi\u00e7os adquiridos, nome do presenteado e mensagem personalizada, sendo este intransfer\u00edvel.<\/p>\n<p>A pessoa presenteada dever\u00e1 ligar para o telefone que consta no voucher e agendar a terapia, informando nome e c\u00f3digo.<\/p>\n<p>O valor total do servi\u00e7o presenteado dever\u00e1 ser usado em uma \u00fanica visita (n\u00e3o haver\u00e1 troco ou cr\u00e9dito).<\/p>\n<p>[\/vc_column_text][\/vc_tta_section][vc_tta_section title=&#8221;Quais as formas de pagamento?&#8221; tab_id=&#8221;1484056430132-f06cc1b5-a7ca&#8221;][vc_column_text]<strong>Dep\u00f3sito\/Transfer\u00eancia:<\/strong><\/p>\n<p>Voc\u00ea poder\u00e1 optar por efetuar o pagamento via dep\u00f3sito\/transfer\u00eancia.<br \/>\nNesse caso, ap\u00f3s realizado o pagamento em conta corrente fornecida ap\u00f3s a escolha desta op\u00e7\u00e3o, envie-nos o seu comprovante pelo e-mail contato@lavandaspa.com.br\u00a0e validaremos seu voucher.<\/p>\n<p><strong>PagSeguro:<\/strong><\/p>\n<p>A loja realiza as transa\u00e7\u00f5es para pagamento com cart\u00e3o de cr\u00e9dito atrav\u00e9s do PagSeguro da UOL.<\/p>\n<p>Seu voucher ser\u00e1 emitido e enviado ap\u00f3s confirma\u00e7\u00e3o do PagSeguro.<br \/>\nOs valores de taxas de opera\u00e7\u00f5es n\u00e3o est\u00e3o inclusos no valor do servi\u00e7o.[\/vc_column_text][\/vc_tta_section][vc_tta_section title=&#8221;Qual prazo para usar o GiftCard?&#8221; tab_id=&#8221;1484049984302-e0b553b6-82dc&#8221;][vc_column_text]Para a utiliza\u00e7\u00e3o do voucher eletr\u00f4nico ap\u00f3s o prazo de validade \u00e9 necess\u00e1rio o envio de e-mail de solicita\u00e7\u00e3o e pagamento de taxa equivalente a 20% do valor dos servi\u00e7os do voucher vigentes \u00e0 \u00e9poca da solicita\u00e7\u00e3o. O per\u00edodo limite para solicitar a prorroga\u00e7\u00e3o de voucher \u00e9 de at\u00e9 seis meses de vencido de sua data original.<\/p>\n<p>Uma vez agendada a sess\u00e3o, o n\u00e3o comparecimento poder\u00e1 implicar a perda da validade do GiftCard, exceto se desmarcada com anteced\u00eancia de 5h. Sendo permitido o reagendamento para uma \u00fanica vez.<\/p>\n<p>O valor total do servi\u00e7o presenteado dever\u00e1 ser usado em uma \u00fanica visita (n\u00e3o haver\u00e1 troco ou cr\u00e9dito).[\/vc_column_text][\/vc_tta_section][\/vc_tta_accordion][\/vc_column][vc_column css=&#8221;.vc_custom_1496927688909{padding-top: 20px !important;padding-right: 50px !important;padding-bottom: 10px !important;padding-left: 50px !important;}&#8221; offset=&#8221;vc_col-lg-6 vc_col-md-6&#8243;]\n\t\t<div id=\"woodmart-title-id-69dedd6c854c5\" class=\"title-wrapper  woodmart-title-color-default woodmart-title-style-default woodmart-title-size-default woodmart-title-width-100 text-left \">\n\n\t\t\t\t\t\t\t<div class=\"title-subtitle  font-default style-default\">ENTRE EM CONTATO <\/div>\n\t\t\t\n\t\t\t<div class=\"liner-continer\">\n\t\t\t\t<span class=\"left-line\"><\/span>\n\t\t\t\t <h4 class=\"woodmart-title-container title  woodmart-font-weight-\" >PARA MAIS INFORMA\u00c7\u00d5ES<\/h4>\t\t\t\t \t\t\t\t<span class=\"right-line\"><\/span>\n\t\t\t<\/div>\n\t\t\t\n\t\t\t\t\t\t\n\t\t\t\n\t\t<\/div>\n\t\t\n\t\t\n<div class=\"wpcf7 no-js\" id=\"wpcf7-f608-o1\" lang=\"en-US\" dir=\"ltr\" data-wpcf7-id=\"608\">\n<div class=\"screen-reader-response\"><p role=\"status\" aria-live=\"polite\" aria-atomic=\"true\"><\/p> <ul><\/ul><\/div>\n<form action=\"\/loja\/wp-json\/wp\/v2\/pages\/646#wpcf7-f608-o1\" method=\"post\" class=\"wpcf7-form init\" aria-label=\"Contact form\" novalidate=\"novalidate\" data-status=\"init\">\n<fieldset class=\"hidden-fields-container\"><input type=\"hidden\" name=\"_wpcf7\" value=\"608\" \/><input type=\"hidden\" name=\"_wpcf7_version\" value=\"6.1.5\" \/><input type=\"hidden\" name=\"_wpcf7_locale\" value=\"en_US\" \/><input type=\"hidden\" name=\"_wpcf7_unit_tag\" value=\"wpcf7-f608-o1\" \/><input type=\"hidden\" name=\"_wpcf7_container_post\" value=\"0\" \/><input type=\"hidden\" name=\"_wpcf7_posted_data_hash\" value=\"\" \/>\n<\/fieldset>\n<div class=\"row\">\n\t<div class=\"col-md-6\" style='margin-bottom:20px;'>\n\t\t<p><label>Nome<\/label><span class=\"wpcf7-form-control-wrap\" data-name=\"your-name\"><input size=\"40\" maxlength=\"400\" class=\"wpcf7-form-control wpcf7-text wpcf7-validates-as-required\" aria-required=\"true\" aria-invalid=\"false\" value=\"\" type=\"text\" name=\"your-name\" \/><\/span>\n\t\t<\/p>\n\t<\/div>\n\t<div class=\"col-md-6\" style='margin-bottom:20px;'>\n\t\t<p><label>E-mail<\/label><span class=\"wpcf7-form-control-wrap\" data-name=\"your-email\"><input size=\"40\" maxlength=\"400\" class=\"wpcf7-form-control wpcf7-email wpcf7-validates-as-required wpcf7-text wpcf7-validates-as-email\" aria-required=\"true\" aria-invalid=\"false\" value=\"\" type=\"email\" name=\"your-email\" \/><\/span>\n\t\t<\/p>\n\t<\/div>\n<\/div>\n<div class=\"row\">\n\t<div class=\"col-md-6\" style='margin-bottom:20px;'>\n\t\t<p><label>Celular<\/label><span class=\"wpcf7-form-control-wrap\" data-name=\"tel-767\"><input size=\"40\" maxlength=\"400\" class=\"wpcf7-form-control wpcf7-tel wpcf7-text wpcf7-validates-as-tel\" aria-invalid=\"false\" value=\"\" type=\"tel\" name=\"tel-767\" \/><\/span>\n\t\t<\/p>\n\t<\/div>\n\t<div class=\"col-md-6\" style='margin-bottom:20px;'>\n\t\t<p><label>Assunto<\/label><span class=\"wpcf7-form-control-wrap\" data-name=\"text-1\"><input size=\"40\" maxlength=\"400\" class=\"wpcf7-form-control wpcf7-text\" aria-invalid=\"false\" value=\"\" type=\"text\" name=\"text-1\" \/><\/span>\n\t\t<\/p>\n\t<\/div>\n<\/div>\n<p><label>Sua mensagem<\/label><span class=\"wpcf7-form-control-wrap\" data-name=\"your-message\"><textarea cols=\"40\" rows=\"10\" maxlength=\"2000\" class=\"wpcf7-form-control wpcf7-textarea\" aria-invalid=\"false\" name=\"your-message\"><\/textarea><\/span>\n<\/p>\n<p><input class=\"wpcf7-form-control wpcf7-submit has-spinner btn-color-black\" type=\"submit\" value=\"Enviar\" \/>\n<\/p><p style=\"display: none !important;\" class=\"akismet-fields-container\" data-prefix=\"_wpcf7_ak_\"><label>&#916;<textarea name=\"_wpcf7_ak_hp_textarea\" cols=\"45\" rows=\"8\" maxlength=\"100\"><\/textarea><\/label><input type=\"hidden\" id=\"ak_js_1\" name=\"_wpcf7_ak_js\" value=\"130\"\/><script>document.getElementById( \"ak_js_1\" ).setAttribute( \"value\", ( new Date() ).getTime() );<\/script><\/p><div class=\"wpcf7-response-output\" aria-hidden=\"true\"><\/div>\n<\/form>\n<\/div>\n[\/vc_column][\/vc_row]<\/p>\n","protected":false},"excerpt":{"rendered":"<p>[vc_row full_width=&#8221;stretch_row_content_no_spaces&#8221; css_animation=&#8221;none&#8221; css=&#8221;.vc_custom_1496927007057{margin-top: -40px !important;margin-bottom: 8vh !important;}&#8221;][vc_column][\/vc_column][\/vc_row][vc_row equal_height=&#8221;yes&#8221; css_animation=&#8221;none&#8221; css=&#8221;.vc_custom_1496926452255{margin-right: -50px !important;margin-left: -50px !important;}&#8221;][vc_column css=&#8221;.vc_custom_1496927710186{border-right-width: 1px !important;padding-top: 20px !important;padding-right:<\/p>\n","protected":false},"author":2,"featured_media":0,"parent":0,"menu_order":0,"comment_status":"closed","ping_status":"closed","template":"","meta":{"_exactmetrics_skip_tracking":false,"_exactmetrics_sitenote_active":false,"_exactmetrics_sitenote_note":"","_exactmetrics_sitenote_category":0,"footnotes":""},"class_list":["post-646","page","type-page","status-publish","hentry"],"_links":{"self":[{"href":"https:\/\/lavandaspa.com.br\/loja\/wp-json\/wp\/v2\/pages\/646","targetHints":{"allow":["GET"]}}],"collection":[{"href":"https:\/\/lavandaspa.com.br\/loja\/wp-json\/wp\/v2\/pages"}],"about":[{"href":"https:\/\/lavandaspa.com.br\/loja\/wp-json\/wp\/v2\/types\/page"}],"author":[{"embeddable":true,"href":"https:\/\/lavandaspa.com.br\/loja\/wp-json\/wp\/v2\/users\/2"}],"replies":[{"embeddable":true,"href":"https:\/\/lavandaspa.com.br\/loja\/wp-json\/wp\/v2\/comments?post=646"}],"version-history":[{"count":6,"href":"https:\/\/lavandaspa.com.br\/loja\/wp-json\/wp\/v2\/pages\/646\/revisions"}],"predecessor-version":[{"id":4182,"href":"https:\/\/lavandaspa.com.br\/loja\/wp-json\/wp\/v2\/pages\/646\/revisions\/4182"}],"wp:attachment":[{"href":"https:\/\/lavandaspa.com.br\/loja\/wp-json\/wp\/v2\/media?parent=646"}],"curies":[{"name":"wp","href":"https:\/\/api.w.org\/{rel}","templated":true}]}}