{"id":3101,"date":"2018-05-14T16:50:32","date_gmt":"2018-05-14T19:50:32","guid":{"rendered":"https:\/\/lavandaspa.com.br\/loja\/?post_type=product&#038;p=3101"},"modified":"2024-02-15T12:28:57","modified_gmt":"2024-02-15T15:28:57","slug":"provence","status":"publish","type":"product","link":"https:\/\/lavandaspa.com.br\/loja\/produto\/provence\/","title":{"rendered":"Spa Provence"},"content":{"rendered":"","protected":false},"excerpt":{"rendered":"<p>Um day spa voltado para promover o Bem estar geral. O ritual promove relaxamento e hidrata\u00e7\u00e3o profunda. Inicia-se com esfolia\u00e7\u00e3o em todo o corpo para desintoxicar o metabolismo e favorecer a penetra\u00e7\u00e3o da hidrata\u00e7\u00e3o, seguido de uma massagem especial Lavanda que foi desenvolvida para abra\u00e7ar o corpo promovendo relaxamento profundo. O ritual\u00a0\u00e9 finalizado com uma massagem facial seguida de m\u00e1scara revitalizante.<\/p>\n<ul>\n<li>Spa para p\u00e9s<\/li>\n<li>Esfolia\u00e7\u00e3o Corporal<\/li>\n<li>Massagem Especial<\/li>\n<li>Coffee Break<\/li>\n<li>Massagem Facial<\/li>\n<li>M\u00e1scara Revitalizadora<\/li>\n<\/ul>\n<p>Dura\u00e7\u00e3o: 4 hrs aproximadamente<\/p>\n","protected":false},"featured_media":137,"comment_status":"open","ping_status":"closed","template":"","meta":{"_exactmetrics_skip_tracking":false,"_exactmetrics_sitenote_active":false,"_exactmetrics_sitenote_note":"","_exactmetrics_sitenote_category":0},"product_brand":[],"product_cat":[42,665],"product_tag":[309,29,22,251,343,344],"class_list":{"0":"post-3101","1":"product","2":"type-product","3":"status-publish","4":"has-post-thumbnail","6":"product_cat-day-spa","7":"product_cat-ritual-individual","8":"product_tag-day-spa","9":"product_tag-gommage","10":"product_tag-massagem","11":"product_tag-massagem-relaxante","12":"product_tag-spa-urbano","13":"product_tag-spa-zona-sul","15":"first","16":"instock","17":"downloadable","18":"virtual","19":"purchasable","20":"product-type-simple"},"_links":{"self":[{"href":"https:\/\/lavandaspa.com.br\/loja\/wp-json\/wp\/v2\/product\/3101","targetHints":{"allow":["GET"]}}],"collection":[{"href":"https:\/\/lavandaspa.com.br\/loja\/wp-json\/wp\/v2\/product"}],"about":[{"href":"https:\/\/lavandaspa.com.br\/loja\/wp-json\/wp\/v2\/types\/product"}],"replies":[{"embeddable":true,"href":"https:\/\/lavandaspa.com.br\/loja\/wp-json\/wp\/v2\/comments?post=3101"}],"wp:featuredmedia":[{"embeddable":true,"href":"https:\/\/lavandaspa.com.br\/loja\/wp-json\/wp\/v2\/media\/137"}],"wp:attachment":[{"href":"https:\/\/lavandaspa.com.br\/loja\/wp-json\/wp\/v2\/media?parent=3101"}],"wp:term":[{"taxonomy":"product_brand","embeddable":true,"href":"https:\/\/lavandaspa.com.br\/loja\/wp-json\/wp\/v2\/product_brand?post=3101"},{"taxonomy":"product_cat","embeddable":true,"href":"https:\/\/lavandaspa.com.br\/loja\/wp-json\/wp\/v2\/product_cat?post=3101"},{"taxonomy":"product_tag","embeddable":true,"href":"https:\/\/lavandaspa.com.br\/loja\/wp-json\/wp\/v2\/product_tag?post=3101"}],"curies":[{"name":"wp","href":"https:\/\/api.w.org\/{rel}","templated":true}]}}