{"id":3214,"date":"2018-07-11T17:16:12","date_gmt":"2018-07-11T20:16:12","guid":{"rendered":"https:\/\/lavandaspa.com.br\/loja\/?post_type=product&#038;p=3214"},"modified":"2026-05-10T12:36:28","modified_gmt":"2026-05-10T15:36:28","slug":"peeling-de-cristal","status":"publish","type":"product","link":"https:\/\/lavandaspa.com.br\/loja\/produto\/peeling-de-cristal\/","title":{"rendered":"Peeling de Cristal"},"content":{"rendered":"","protected":false},"excerpt":{"rendered":"<p>M\u00e9todo que remove c\u00e9lulas mortas da pele, atrav\u00e9s de um aparelho de suc\u00e7\u00e3o que possui cristais de \u00f3xidos de alum\u00ednio na ponta,\u00a0 serve para retirar a camada mais superficial da pele promovendo o rejuvenescimento e estimulando o crescimento de uma\u00a0nova pele\u00a0, deixando-a\u00a0mais suave,\u00a0mais brilhante,\u00a0firme e nutrida.<\/p>\n<p><strong>Indica\u00e7\u00f5es:<\/strong><\/p>\n<ul>\n<li>Remover manchas superficiais na pele;<\/li>\n<li>Remover cicatrizes superficiais deixadas pela acne;<\/li>\n<li>Diminuir os poros dilatados;<\/li>\n<li>Minimizar a apar\u00eancia de Estrias.<\/li>\n<\/ul>\n<p>Sess\u00e3o ~40minutos<\/p>\n","protected":false},"featured_media":4162,"comment_status":"open","ping_status":"closed","template":"","meta":{"_exactmetrics_skip_tracking":false,"_exactmetrics_sitenote_active":false,"_exactmetrics_sitenote_note":"","_exactmetrics_sitenote_category":0},"product_brand":[],"product_cat":[41,20],"product_tag":[377,227,374,373,376,375],"class_list":{"0":"post-3214","1":"product","2":"type-product","3":"status-publish","4":"has-post-thumbnail","6":"product_cat-estetica","7":"product_cat-facial","8":"product_tag-manchas-de-acne","9":"product_tag-peeling","10":"product_tag-peeling-estetico","11":"product_tag-peeling-facial","12":"product_tag-remover-manchas-de-acne","13":"product_tag-revitalizacao-facial","15":"first","16":"instock","17":"downloadable","18":"virtual","19":"purchasable","20":"product-type-simple"},"_links":{"self":[{"href":"https:\/\/lavandaspa.com.br\/loja\/wp-json\/wp\/v2\/product\/3214","targetHints":{"allow":["GET"]}}],"collection":[{"href":"https:\/\/lavandaspa.com.br\/loja\/wp-json\/wp\/v2\/product"}],"about":[{"href":"https:\/\/lavandaspa.com.br\/loja\/wp-json\/wp\/v2\/types\/product"}],"replies":[{"embeddable":true,"href":"https:\/\/lavandaspa.com.br\/loja\/wp-json\/wp\/v2\/comments?post=3214"}],"wp:featuredmedia":[{"embeddable":true,"href":"https:\/\/lavandaspa.com.br\/loja\/wp-json\/wp\/v2\/media\/4162"}],"wp:attachment":[{"href":"https:\/\/lavandaspa.com.br\/loja\/wp-json\/wp\/v2\/media?parent=3214"}],"wp:term":[{"taxonomy":"product_brand","embeddable":true,"href":"https:\/\/lavandaspa.com.br\/loja\/wp-json\/wp\/v2\/product_brand?post=3214"},{"taxonomy":"product_cat","embeddable":true,"href":"https:\/\/lavandaspa.com.br\/loja\/wp-json\/wp\/v2\/product_cat?post=3214"},{"taxonomy":"product_tag","embeddable":true,"href":"https:\/\/lavandaspa.com.br\/loja\/wp-json\/wp\/v2\/product_tag?post=3214"}],"curies":[{"name":"wp","href":"https:\/\/api.w.org\/{rel}","templated":true}]}}