{"id":3218,"date":"2018-07-11T19:48:03","date_gmt":"2018-07-11T22:48:03","guid":{"rendered":"https:\/\/lavandaspa.com.br\/loja\/?post_type=product&#038;p=3218"},"modified":"2025-06-10T11:12:43","modified_gmt":"2025-06-10T14:12:43","slug":"preventivo-vitamina-c","status":"publish","type":"product","link":"https:\/\/lavandaspa.com.br\/loja\/produto\/preventivo-vitamina-c\/","title":{"rendered":"Revitaliza\u00e7\u00e3o com Vitamina C + Peeling"},"content":{"rendered":"","protected":false},"excerpt":{"rendered":"<p>Ritual de hidrata\u00e7\u00e3o e preven\u00e7\u00e3o com produtos a base de vitamina C. Com alto poder antioxidante, atenua o processo degenerativo das c\u00e9lulas, combatendo os radicais livres que prejudicam as c\u00e9lulas saud\u00e1veis, prevenindo assim, o envelhecimento precoce da pele.<\/p>\n<p><em>Esfolia\u00e7\u00e3o | M\u00e1scara de Vitamina C | Massagem Revitalizante | S\u00e9rum Vit C<\/em><\/p>\n<p>-Mant\u00e9m e recupera o vi\u00e7o da pele;<\/p>\n<p>-Auxilia no clareamento e luminosidade da pele;<\/p>\n<p>-Suaviza a apar\u00eancia de poros dilatados<\/p>\n<p>-Possu\u00ed a\u00e7\u00e3o profundamente hidratante<\/p>\n<p>-Ajuda na s\u00edntese de col\u00e1geno e na cicatriza\u00e7\u00e3o.<\/p>\n<p>Sess\u00e3o ~ 60 minutos<\/p>\n","protected":false},"featured_media":4510,"comment_status":"open","ping_status":"closed","template":"","meta":{"_exactmetrics_skip_tracking":false,"_exactmetrics_sitenote_active":false,"_exactmetrics_sitenote_note":"","_exactmetrics_sitenote_category":0},"product_brand":[],"product_cat":[41,20],"product_tag":[382,381,380,383,384],"class_list":{"0":"post-3218","1":"product","2":"type-product","3":"status-publish","4":"has-post-thumbnail","6":"product_cat-estetica","7":"product_cat-facial","8":"product_tag-clareamento-facial","9":"product_tag-flacidez-facial","10":"product_tag-prevencao-rugas","11":"product_tag-tratamento-facial-vitamina-c","12":"product_tag-vitamina-c-facial","14":"first","15":"instock","16":"sale","17":"downloadable","18":"virtual","19":"purchasable","20":"product-type-simple"},"_links":{"self":[{"href":"https:\/\/lavandaspa.com.br\/loja\/wp-json\/wp\/v2\/product\/3218","targetHints":{"allow":["GET"]}}],"collection":[{"href":"https:\/\/lavandaspa.com.br\/loja\/wp-json\/wp\/v2\/product"}],"about":[{"href":"https:\/\/lavandaspa.com.br\/loja\/wp-json\/wp\/v2\/types\/product"}],"replies":[{"embeddable":true,"href":"https:\/\/lavandaspa.com.br\/loja\/wp-json\/wp\/v2\/comments?post=3218"}],"wp:featuredmedia":[{"embeddable":true,"href":"https:\/\/lavandaspa.com.br\/loja\/wp-json\/wp\/v2\/media\/4510"}],"wp:attachment":[{"href":"https:\/\/lavandaspa.com.br\/loja\/wp-json\/wp\/v2\/media?parent=3218"}],"wp:term":[{"taxonomy":"product_brand","embeddable":true,"href":"https:\/\/lavandaspa.com.br\/loja\/wp-json\/wp\/v2\/product_brand?post=3218"},{"taxonomy":"product_cat","embeddable":true,"href":"https:\/\/lavandaspa.com.br\/loja\/wp-json\/wp\/v2\/product_cat?post=3218"},{"taxonomy":"product_tag","embeddable":true,"href":"https:\/\/lavandaspa.com.br\/loja\/wp-json\/wp\/v2\/product_tag?post=3218"}],"curies":[{"name":"wp","href":"https:\/\/api.w.org\/{rel}","templated":true}]}}