{"id":3748,"date":"2019-03-12T19:11:25","date_gmt":"2019-03-12T22:11:25","guid":{"rendered":"https:\/\/lavandaspa.com.br\/loja\/?post_type=product&#038;p=3748"},"modified":"2025-07-04T02:53:13","modified_gmt":"2025-07-04T05:53:13","slug":"detox-ii","status":"publish","type":"product","link":"https:\/\/lavandaspa.com.br\/loja\/produto\/detox-ii\/","title":{"rendered":"Detox Reduxcel*"},"content":{"rendered":"","protected":false},"excerpt":{"rendered":"<p>Tratamento Corporal est\u00e9tico, com objetivo para reduzir o desconforto do incha\u00e7o e do ac\u00famulo de gordura localizada.<br \/>\nUma combina\u00e7\u00e3o de terapias associados a ativos que promovem uma a\u00e7\u00e3o para romper as c\u00e9lulas de gordura, e a Detoxifica\u00e7\u00e3o para que possa ser eliminada pelo sistema linf\u00e1tico com Resultados percebidos j\u00e1 na 1\u00b0 sess\u00e3o .<br \/>\nEssa a\u00e7\u00e3o prepara a pele para absorver os ativos, melhorando o contorno corporal, combatendo edemas e eliminando toxinas.<br \/>\nConforme avalia\u00e7\u00e3o pode ser associado na 1\u00b0 sess\u00e3o aplica\u00e7\u00e3o de Ultrassom Cavitacional na regi\u00e3o a ser tratada para potencializar a quebra da gordura localizada.<\/p>\n<p>Tempo Aproximado: 70 minutos<br \/>\n*Valor Promocional referente a 1 sess\u00e3o c\/foco em 1 regi\u00e3o.<br \/>\n**Para quem desejar um resultado\u00a0 mais duradouro sugerimos 6 sess\u00f5es, sendo realizadas 2x na semana por at\u00e9 3 semanas (veja condi\u00e7\u00f5es especiais para esse tratamento).<\/p>\n<p>***Cada corpo tem uma resposta diferente ao tratamento, esse procedimento n\u00e3o substitui a necessidade de manter h\u00e1bitos saud\u00e1veis, uma alimenta\u00e7\u00e3o equilibrada, pr\u00e1tica regular de atividade f\u00edsica e fazer acompanhamento regular de um profissional da \u00e1rea.<\/p>\n","protected":false},"featured_media":4509,"comment_status":"open","ping_status":"closed","template":"","meta":{"_exactmetrics_skip_tracking":false,"_exactmetrics_sitenote_active":false,"_exactmetrics_sitenote_note":"","_exactmetrics_sitenote_category":0},"product_brand":[],"product_cat":[43,41],"product_tag":[190,25,606,607,188,189,633,603,595,187],"class_list":{"0":"post-3748","1":"product","2":"type-product","3":"status-publish","4":"has-post-thumbnail","6":"product_cat-corporal","7":"product_cat-estetica","8":"product_tag-detox-corporal","9":"product_tag-drenagem","10":"product_tag-kavix","11":"product_tag-manthus","12":"product_tag-massagem-modeladora","13":"product_tag-massagem-redutora","14":"product_tag-massagem-semana-brasil","15":"product_tag-modeladora","16":"product_tag-reducao-de-celulites","17":"product_tag-reducao-de-medidas","19":"first","20":"instock","21":"sale","22":"downloadable","23":"virtual","24":"purchasable","25":"product-type-simple"},"_links":{"self":[{"href":"https:\/\/lavandaspa.com.br\/loja\/wp-json\/wp\/v2\/product\/3748","targetHints":{"allow":["GET"]}}],"collection":[{"href":"https:\/\/lavandaspa.com.br\/loja\/wp-json\/wp\/v2\/product"}],"about":[{"href":"https:\/\/lavandaspa.com.br\/loja\/wp-json\/wp\/v2\/types\/product"}],"replies":[{"embeddable":true,"href":"https:\/\/lavandaspa.com.br\/loja\/wp-json\/wp\/v2\/comments?post=3748"}],"wp:featuredmedia":[{"embeddable":true,"href":"https:\/\/lavandaspa.com.br\/loja\/wp-json\/wp\/v2\/media\/4509"}],"wp:attachment":[{"href":"https:\/\/lavandaspa.com.br\/loja\/wp-json\/wp\/v2\/media?parent=3748"}],"wp:term":[{"taxonomy":"product_brand","embeddable":true,"href":"https:\/\/lavandaspa.com.br\/loja\/wp-json\/wp\/v2\/product_brand?post=3748"},{"taxonomy":"product_cat","embeddable":true,"href":"https:\/\/lavandaspa.com.br\/loja\/wp-json\/wp\/v2\/product_cat?post=3748"},{"taxonomy":"product_tag","embeddable":true,"href":"https:\/\/lavandaspa.com.br\/loja\/wp-json\/wp\/v2\/product_tag?post=3748"}],"curies":[{"name":"wp","href":"https:\/\/api.w.org\/{rel}","templated":true}]}}