{"id":3930,"date":"2019-11-22T11:02:56","date_gmt":"2019-11-22T14:02:56","guid":{"rendered":"https:\/\/lavandaspa.com.br\/loja\/?post_type=product&#038;p=3930"},"modified":"2026-03-22T21:32:46","modified_gmt":"2026-03-23T00:32:46","slug":"deep-tissue","status":"publish","type":"product","link":"https:\/\/lavandaspa.com.br\/loja\/produto\/deep-tissue\/","title":{"rendered":"Deep Tissue"},"content":{"rendered":"","protected":false},"excerpt":{"rendered":"<p>A Deep Tissue \u00e9 uma excelente massagem\u00a0para liberar a tens\u00e3o e trabalhar com os n\u00f3s,\u00a0que podem obstruir a circula\u00e7\u00e3o e causar dor, al\u00e9m de restringir alguns movimentos.<\/p>\n<p>A t\u00e9cnica da massagem\u00a0consiste em\u00a0aplica\u00e7\u00e3o de press\u00e3o firme e movimentos lentos para alcan\u00e7ar camadas mais profundas do m\u00fasculo,\u00a0semelhante \u00e0 massagem sueca, mas com press\u00e3o mais profunda.<\/p>\n<p>Indicada para dores, \u00e1reas contra\u00eddas e dores cr\u00f4nicas.<\/p>\n<ul>\n<li>Dor lombar;<\/li>\n<li>Dor nas costas e\/ou no pesco\u00e7o;<\/li>\n<li>Mobilidade limitada;<\/li>\n<li>Ombros doloridos;<\/li>\n<li>LER &#8211; Les\u00f5es por esfor\u00e7o repetitivo;<\/li>\n<li>Problemas posturais;<\/li>\n<\/ul>\n","protected":false},"featured_media":5019,"comment_status":"open","ping_status":"closed","template":"","meta":{"_exactmetrics_skip_tracking":false,"_exactmetrics_sitenote_active":false,"_exactmetrics_sitenote_note":"","_exactmetrics_sitenote_category":0},"product_brand":[],"product_cat":[19,671],"product_tag":[],"class_list":{"0":"post-3930","1":"product","2":"type-product","3":"status-publish","4":"has-post-thumbnail","6":"product_cat-massagem","7":"product_cat-massagem-massagem","9":"first","10":"instock","11":"sale","12":"downloadable","13":"virtual","14":"purchasable","15":"product-type-simple"},"_links":{"self":[{"href":"https:\/\/lavandaspa.com.br\/loja\/wp-json\/wp\/v2\/product\/3930","targetHints":{"allow":["GET"]}}],"collection":[{"href":"https:\/\/lavandaspa.com.br\/loja\/wp-json\/wp\/v2\/product"}],"about":[{"href":"https:\/\/lavandaspa.com.br\/loja\/wp-json\/wp\/v2\/types\/product"}],"replies":[{"embeddable":true,"href":"https:\/\/lavandaspa.com.br\/loja\/wp-json\/wp\/v2\/comments?post=3930"}],"wp:featuredmedia":[{"embeddable":true,"href":"https:\/\/lavandaspa.com.br\/loja\/wp-json\/wp\/v2\/media\/5019"}],"wp:attachment":[{"href":"https:\/\/lavandaspa.com.br\/loja\/wp-json\/wp\/v2\/media?parent=3930"}],"wp:term":[{"taxonomy":"product_brand","embeddable":true,"href":"https:\/\/lavandaspa.com.br\/loja\/wp-json\/wp\/v2\/product_brand?post=3930"},{"taxonomy":"product_cat","embeddable":true,"href":"https:\/\/lavandaspa.com.br\/loja\/wp-json\/wp\/v2\/product_cat?post=3930"},{"taxonomy":"product_tag","embeddable":true,"href":"https:\/\/lavandaspa.com.br\/loja\/wp-json\/wp\/v2\/product_tag?post=3930"}],"curies":[{"name":"wp","href":"https:\/\/api.w.org\/{rel}","templated":true}]}}