{"id":40,"date":"2017-10-22T20:14:51","date_gmt":"2017-10-22T22:14:51","guid":{"rendered":"http:\/\/lavandaspa.com.br\/loja\/?post_type=product&#038;p=40"},"modified":"2025-04-30T15:58:41","modified_gmt":"2025-04-30T18:58:41","slug":"ritual-beleza-real","status":"publish","type":"product","link":"https:\/\/lavandaspa.com.br\/loja\/produto\/ritual-beleza-real\/","title":{"rendered":"Ritual Beleza Real"},"content":{"rendered":"","protected":false},"excerpt":{"rendered":"<p>Um ritual de 3hs de beleza e relaxamento profundo. A combina\u00e7\u00e3o perfeita do bem estar e rejuvenescimento gerando como resultado o efeito &#8220;Beleza Real&#8221; imediato!<\/p>\n<ul>\n<li>Spa P\u00e9s Ra\u00edzes (Escalda P\u00e9s Alecrim + Esfolia\u00e7\u00e3o com Laranja Doce + Reflexologia)<\/li>\n<li>Revitaliza\u00e7\u00e3o Facial + Drenagem Facial<\/li>\n<li>Massagem Terapeutica<\/li>\n<\/ul>\n<p>Dura\u00e7\u00e3o: 3hs aproximadamente<\/p>\n<p>&nbsp;<\/p>\n<p>&nbsp;<\/p>\n","protected":false},"featured_media":112,"comment_status":"open","ping_status":"closed","template":"","meta":{"_exactmetrics_skip_tracking":false,"_exactmetrics_sitenote_active":false,"_exactmetrics_sitenote_note":"","_exactmetrics_sitenote_category":0},"product_brand":[],"product_cat":[42,665],"product_tag":[309,308,251,307],"class_list":{"0":"post-40","1":"product","2":"type-product","3":"status-publish","4":"has-post-thumbnail","6":"product_cat-day-spa","7":"product_cat-ritual-individual","8":"product_tag-day-spa","9":"product_tag-dica-de-presente","10":"product_tag-massagem-relaxante","11":"product_tag-ritual-de-beleza","13":"first","14":"instock","15":"downloadable","16":"virtual","17":"purchasable","18":"product-type-simple"},"_links":{"self":[{"href":"https:\/\/lavandaspa.com.br\/loja\/wp-json\/wp\/v2\/product\/40","targetHints":{"allow":["GET"]}}],"collection":[{"href":"https:\/\/lavandaspa.com.br\/loja\/wp-json\/wp\/v2\/product"}],"about":[{"href":"https:\/\/lavandaspa.com.br\/loja\/wp-json\/wp\/v2\/types\/product"}],"replies":[{"embeddable":true,"href":"https:\/\/lavandaspa.com.br\/loja\/wp-json\/wp\/v2\/comments?post=40"}],"wp:featuredmedia":[{"embeddable":true,"href":"https:\/\/lavandaspa.com.br\/loja\/wp-json\/wp\/v2\/media\/112"}],"wp:attachment":[{"href":"https:\/\/lavandaspa.com.br\/loja\/wp-json\/wp\/v2\/media?parent=40"}],"wp:term":[{"taxonomy":"product_brand","embeddable":true,"href":"https:\/\/lavandaspa.com.br\/loja\/wp-json\/wp\/v2\/product_brand?post=40"},{"taxonomy":"product_cat","embeddable":true,"href":"https:\/\/lavandaspa.com.br\/loja\/wp-json\/wp\/v2\/product_cat?post=40"},{"taxonomy":"product_tag","embeddable":true,"href":"https:\/\/lavandaspa.com.br\/loja\/wp-json\/wp\/v2\/product_tag?post=40"}],"curies":[{"name":"wp","href":"https:\/\/api.w.org\/{rel}","templated":true}]}}