{"id":4220,"date":"2020-11-26T22:02:37","date_gmt":"2020-11-27T01:02:37","guid":{"rendered":"https:\/\/lavandaspa.com.br\/loja\/?post_type=product&#038;p=4220"},"modified":"2026-05-10T01:31:32","modified_gmt":"2026-05-10T04:31:32","slug":"drenagem-linfatica-facial","status":"publish","type":"product","link":"https:\/\/lavandaspa.com.br\/loja\/produto\/drenagem-linfatica-facial\/","title":{"rendered":"Drenagem Linf\u00e1tica Facial"},"content":{"rendered":"","protected":false},"excerpt":{"rendered":"<p><em>A t\u00e9cnica manual que \u00e9 indicada para melhora da circula\u00e7\u00e3o local e redu\u00e7\u00e3o do incha\u00e7o do rosto. <\/em><\/p>\n<p><em>A Drenagem Linf\u00e1tica facial \u00e9 uma t\u00e9cnica de massagem que estimula o sistema linf\u00e1tico a funcionar de forma mais r\u00e1pida, retirando a linfa que fica entre as c\u00e9lulas.<\/em><\/p>\n<p><strong>Resultados Esperados e Comprovados:<\/strong><\/p>\n<ul>\n<li>Reduz incha\u00e7o;<\/li>\n<li>Auxilia no descongestionamento;<\/li>\n<li>Diminui a apar\u00eancia de bolsas nas p\u00e1lpebras inferiores;<\/li>\n<li>Promove diminui\u00e7\u00e3o de hematomas p\u00f3s-operat\u00f3rio;<\/li>\n<li>Melhora o fluxo e circula\u00e7\u00e3o<\/li>\n<li>Melhora apar\u00eancia da pele<\/li>\n<\/ul>\n","protected":false},"featured_media":4221,"comment_status":"open","ping_status":"closed","template":"","meta":{"_exactmetrics_skip_tracking":false,"_exactmetrics_sitenote_active":false,"_exactmetrics_sitenote_note":"","_exactmetrics_sitenote_category":0},"product_brand":[],"product_cat":[41,20,19],"product_tag":[25,642,643],"class_list":{"0":"post-4220","1":"product","2":"type-product","3":"status-publish","4":"has-post-thumbnail","6":"product_cat-estetica","7":"product_cat-facial","8":"product_cat-massagem","9":"product_tag-drenagem","10":"product_tag-drenagem-facial","11":"product_tag-drenagem-linfatica-facial","13":"first","14":"instock","15":"sale","16":"downloadable","17":"virtual","18":"purchasable","19":"product-type-simple"},"_links":{"self":[{"href":"https:\/\/lavandaspa.com.br\/loja\/wp-json\/wp\/v2\/product\/4220","targetHints":{"allow":["GET"]}}],"collection":[{"href":"https:\/\/lavandaspa.com.br\/loja\/wp-json\/wp\/v2\/product"}],"about":[{"href":"https:\/\/lavandaspa.com.br\/loja\/wp-json\/wp\/v2\/types\/product"}],"replies":[{"embeddable":true,"href":"https:\/\/lavandaspa.com.br\/loja\/wp-json\/wp\/v2\/comments?post=4220"}],"wp:featuredmedia":[{"embeddable":true,"href":"https:\/\/lavandaspa.com.br\/loja\/wp-json\/wp\/v2\/media\/4221"}],"wp:attachment":[{"href":"https:\/\/lavandaspa.com.br\/loja\/wp-json\/wp\/v2\/media?parent=4220"}],"wp:term":[{"taxonomy":"product_brand","embeddable":true,"href":"https:\/\/lavandaspa.com.br\/loja\/wp-json\/wp\/v2\/product_brand?post=4220"},{"taxonomy":"product_cat","embeddable":true,"href":"https:\/\/lavandaspa.com.br\/loja\/wp-json\/wp\/v2\/product_cat?post=4220"},{"taxonomy":"product_tag","embeddable":true,"href":"https:\/\/lavandaspa.com.br\/loja\/wp-json\/wp\/v2\/product_tag?post=4220"}],"curies":[{"name":"wp","href":"https:\/\/api.w.org\/{rel}","templated":true}]}}