{"id":4293,"date":"2021-02-05T17:24:21","date_gmt":"2021-02-05T20:24:21","guid":{"rendered":"https:\/\/lavandaspa.com.br\/loja\/?post_type=product&#038;p=4293"},"modified":"2025-06-10T11:20:57","modified_gmt":"2025-06-10T14:20:57","slug":"liberacao-miofascial","status":"publish","type":"product","link":"https:\/\/lavandaspa.com.br\/loja\/produto\/liberacao-miofascial\/","title":{"rendered":"Libera\u00e7\u00e3o Miofascial"},"content":{"rendered":"","protected":false},"excerpt":{"rendered":"<p>Estresse, m\u00e1 postura e treinos intensos podem provocar altera\u00e7\u00e3o na f\u00e1scia (tecido fibroso que recobre os m\u00fasculos do corpo), provocando press\u00e3o sobre nervos e m\u00fasculos, e por consequ\u00eancia redu\u00e7\u00e3o da elasticidade e flexibilidade dos m\u00fasculos, ac\u00famulo de toxinas e dores.<\/p>\n<p>A Libera\u00e7\u00e3o Miofascial \u00e9 uma t\u00e9cnica que permite relaxamento da musculatura e al\u00edvio dos sintomas, bem como a preven\u00e7\u00e3o \u00e0s les\u00f5es, por isso \u00e9 bastante indicada para quem pratica treinos intensos, melhorando inclusive a performance.<\/p>\n<p>&nbsp;<\/p>\n<p>Dura\u00e7\u00e3o: 60 minutos<\/p>\n","protected":false},"featured_media":4294,"comment_status":"open","ping_status":"closed","template":"","meta":{"_exactmetrics_skip_tracking":false,"_exactmetrics_sitenote_active":false,"_exactmetrics_sitenote_note":"","_exactmetrics_sitenote_category":0},"product_brand":[],"product_cat":[19,44],"product_tag":[652,655,651,653,654],"class_list":{"0":"post-4293","1":"product","2":"type-product","3":"status-publish","4":"has-post-thumbnail","6":"product_cat-massagem","7":"product_cat-terapeutica","8":"product_tag-liberacao-da-fascia","9":"product_tag-massagem-atletas-rj","10":"product_tag-massagem-para-atletas","11":"product_tag-massagem-para-dores","12":"product_tag-massagem-para-dores-rj","14":"first","15":"instock","16":"sale","17":"downloadable","18":"virtual","19":"purchasable","20":"product-type-simple"},"_links":{"self":[{"href":"https:\/\/lavandaspa.com.br\/loja\/wp-json\/wp\/v2\/product\/4293","targetHints":{"allow":["GET"]}}],"collection":[{"href":"https:\/\/lavandaspa.com.br\/loja\/wp-json\/wp\/v2\/product"}],"about":[{"href":"https:\/\/lavandaspa.com.br\/loja\/wp-json\/wp\/v2\/types\/product"}],"replies":[{"embeddable":true,"href":"https:\/\/lavandaspa.com.br\/loja\/wp-json\/wp\/v2\/comments?post=4293"}],"wp:featuredmedia":[{"embeddable":true,"href":"https:\/\/lavandaspa.com.br\/loja\/wp-json\/wp\/v2\/media\/4294"}],"wp:attachment":[{"href":"https:\/\/lavandaspa.com.br\/loja\/wp-json\/wp\/v2\/media?parent=4293"}],"wp:term":[{"taxonomy":"product_brand","embeddable":true,"href":"https:\/\/lavandaspa.com.br\/loja\/wp-json\/wp\/v2\/product_brand?post=4293"},{"taxonomy":"product_cat","embeddable":true,"href":"https:\/\/lavandaspa.com.br\/loja\/wp-json\/wp\/v2\/product_cat?post=4293"},{"taxonomy":"product_tag","embeddable":true,"href":"https:\/\/lavandaspa.com.br\/loja\/wp-json\/wp\/v2\/product_tag?post=4293"}],"curies":[{"name":"wp","href":"https:\/\/api.w.org\/{rel}","templated":true}]}}