{"id":4353,"date":"2021-05-01T13:45:10","date_gmt":"2021-05-01T16:45:10","guid":{"rendered":"https:\/\/lavandaspa.com.br\/loja\/?post_type=product&#038;p=4353"},"modified":"2024-12-27T09:27:48","modified_gmt":"2024-12-27T12:27:48","slug":"spa-namo","status":"publish","type":"product","link":"https:\/\/lavandaspa.com.br\/loja\/produto\/spa-namo\/","title":{"rendered":"Spa NAM\u00d4"},"content":{"rendered":"","protected":false},"excerpt":{"rendered":"<p>&nbsp;<\/p>\n<p>O spa Nam\u00f4, \u00e9 para voc\u00eas ficarem bem juntinhos, compartilhando os melhores momentos de cumplicidade e carinho!<\/p>\n<p>Nossa proposta \u00e9 promover uma viagem sensorial \u00e0 <em><strong>Terapias <\/strong><\/em>que promovem o relaxamento completo, durante s\u00e9culos suas propriedades medicinais e de cura eram acess\u00edveis somente aos Imperadores e seus familiares.<\/p>\n<p>Durante sua jornada de relaxamento promovemos uma sinergia de terapias combinadas, iniciando com\u00a0 E<em><strong>scalda P\u00e9s Ra\u00edzes<\/strong><\/em> , acompanhado de <em><strong>Esfolia\u00e7\u00e3o e Reflexologia Podal<\/strong><\/em> que estimular\u00e3o os pontos reflexos do corpo. Seguimos realizando renova\u00e7\u00e3o da pele com <em><strong>Esfolia\u00e7\u00e3o Facial<\/strong><\/em>, finalizando com uma <em><strong>Massagem Terap\u00eautica<\/strong><\/em> Personalizada para o seu momento, onde aliamos o calor dos \u00f3leos medicinais para revitalizar o corpo e mente promovendo uma sensa\u00e7\u00e3o de leveza e plenitude.<\/p>\n<p>Sua viv\u00eancia ser\u00e1 completa, haver\u00e1 durante sua jornada de relaxamento a dois, degusta\u00e7\u00e3o de Ch\u00e1, Nuts e uma Ta\u00e7a de Espumante* para brindar esse momento \u00fanico.<\/p>\n<p><em>&#8220;Viva essa experi\u00eancia a Dois&#8221;<\/em><\/p>\n<p>&nbsp;<\/p>\n<p>Tempo aproximado: <strong>120min<\/strong><\/p>\n<p>*Pedimos informar se possui restri\u00e7\u00e3o Alimentar ou Alco\u00f3lica, para oferecermos degusta\u00e7\u00e3o alternativa. <\/p>\n","protected":false},"featured_media":4395,"comment_status":"open","ping_status":"closed","template":"","meta":{"_exactmetrics_skip_tracking":false,"_exactmetrics_sitenote_active":false,"_exactmetrics_sitenote_note":"","_exactmetrics_sitenote_category":0},"product_brand":[],"product_cat":[42,666],"product_tag":[301,352,662,664,663],"class_list":{"0":"post-4353","1":"product","2":"type-product","3":"status-publish","4":"has-post-thumbnail","6":"product_cat-day-spa","7":"product_cat-ritual-para-2-pessoas","8":"product_tag-day-spa-casal","9":"product_tag-dia-dos-namorados","10":"product_tag-presente-do-namorado","11":"product_tag-spa-namorados","12":"product_tag-spa-presente","14":"first","15":"instock","16":"downloadable","17":"virtual","18":"purchasable","19":"product-type-simple"},"_links":{"self":[{"href":"https:\/\/lavandaspa.com.br\/loja\/wp-json\/wp\/v2\/product\/4353","targetHints":{"allow":["GET"]}}],"collection":[{"href":"https:\/\/lavandaspa.com.br\/loja\/wp-json\/wp\/v2\/product"}],"about":[{"href":"https:\/\/lavandaspa.com.br\/loja\/wp-json\/wp\/v2\/types\/product"}],"replies":[{"embeddable":true,"href":"https:\/\/lavandaspa.com.br\/loja\/wp-json\/wp\/v2\/comments?post=4353"}],"wp:featuredmedia":[{"embeddable":true,"href":"https:\/\/lavandaspa.com.br\/loja\/wp-json\/wp\/v2\/media\/4395"}],"wp:attachment":[{"href":"https:\/\/lavandaspa.com.br\/loja\/wp-json\/wp\/v2\/media?parent=4353"}],"wp:term":[{"taxonomy":"product_brand","embeddable":true,"href":"https:\/\/lavandaspa.com.br\/loja\/wp-json\/wp\/v2\/product_brand?post=4353"},{"taxonomy":"product_cat","embeddable":true,"href":"https:\/\/lavandaspa.com.br\/loja\/wp-json\/wp\/v2\/product_cat?post=4353"},{"taxonomy":"product_tag","embeddable":true,"href":"https:\/\/lavandaspa.com.br\/loja\/wp-json\/wp\/v2\/product_tag?post=4353"}],"curies":[{"name":"wp","href":"https:\/\/api.w.org\/{rel}","templated":true}]}}