{"id":46,"date":"2017-10-22T20:20:39","date_gmt":"2017-10-22T22:20:39","guid":{"rendered":"http:\/\/lavandaspa.com.br\/loja\/?post_type=product&#038;p=46"},"modified":"2025-01-12T09:14:50","modified_gmt":"2025-01-12T12:14:50","slug":"sweet-temptation","status":"publish","type":"product","link":"https:\/\/lavandaspa.com.br\/loja\/produto\/sweet-temptation\/","title":{"rendered":"Sweet Temptation"},"content":{"rendered":"","protected":false},"excerpt":{"rendered":"<p>Um Day Spa altamente relaxante e realmente tentador, a base de \u00f3leos essenciais, ideal para passar doces momentos a dois.\u00a0Um presente para l\u00e1 de especial para comemorar com o seu amor.<\/p>\n<ul>\n<li><strong><a href=\"https:\/\/lavandaspa.com.br\/loja\/produto\/spa-dos-pes\/\">Spa P\u00e9s<\/a><\/strong>\u2013\u00a0<em>Cuidado e Relaxamento atrav\u00e9s dos p\u00e9s que proporciona bem-estar para todo o corpo!<\/em><\/li>\n<li><strong>Gommage\u00a0<\/strong><em><strong>Casal \u2013\u00a0<\/strong>Esfolia\u00e7\u00e3o e hidrata\u00e7\u00e3o para uniformiza\u00e7\u00e3o e melhora da pele\u00a0<\/em><\/li>\n<li><strong>Massagem Corpore \u2013\u00a0<\/strong><em>Massagem Corporal com toque relaxante e aroma \u00fanico e com o frescor de um blend exclusivo com \u00f3leos essenciais;<\/em><\/li>\n<li><strong>M\u00e1scara Facial Revitalizante\u00a0<\/strong><\/li>\n<li><strong>Massagem Facial<\/strong><\/li>\n<\/ul>\n<p><em><strong>Degusta\u00e7\u00e3o Espumante* + Mix de Nuts<\/strong><\/em><br \/>\n<em><strong>*Uma sele\u00e7\u00e3o em parceria com a Grand Cru Fashion Mall.<\/strong><\/em><\/p>\n<p>Tempo: <strong>3h<\/strong><\/p>\n<p>&nbsp;<\/p>\n","protected":false},"featured_media":4781,"comment_status":"open","ping_status":"closed","template":"","meta":{"_exactmetrics_skip_tracking":false,"_exactmetrics_sitenote_active":false,"_exactmetrics_sitenote_note":"","_exactmetrics_sitenote_category":0},"product_brand":[],"product_cat":[42,666],"product_tag":[305,301,302,303,304],"class_list":{"0":"post-46","1":"product","2":"type-product","3":"status-publish","4":"has-post-thumbnail","6":"product_cat-day-spa","7":"product_cat-ritual-para-2-pessoas","8":"product_tag-couple-massage","9":"product_tag-day-spa-casal","10":"product_tag-massagem-casal","11":"product_tag-relaxamento-casal","12":"product_tag-spa-casal","14":"first","15":"instock","16":"downloadable","17":"virtual","18":"purchasable","19":"product-type-simple"},"_links":{"self":[{"href":"https:\/\/lavandaspa.com.br\/loja\/wp-json\/wp\/v2\/product\/46","targetHints":{"allow":["GET"]}}],"collection":[{"href":"https:\/\/lavandaspa.com.br\/loja\/wp-json\/wp\/v2\/product"}],"about":[{"href":"https:\/\/lavandaspa.com.br\/loja\/wp-json\/wp\/v2\/types\/product"}],"replies":[{"embeddable":true,"href":"https:\/\/lavandaspa.com.br\/loja\/wp-json\/wp\/v2\/comments?post=46"}],"wp:featuredmedia":[{"embeddable":true,"href":"https:\/\/lavandaspa.com.br\/loja\/wp-json\/wp\/v2\/media\/4781"}],"wp:attachment":[{"href":"https:\/\/lavandaspa.com.br\/loja\/wp-json\/wp\/v2\/media?parent=46"}],"wp:term":[{"taxonomy":"product_brand","embeddable":true,"href":"https:\/\/lavandaspa.com.br\/loja\/wp-json\/wp\/v2\/product_brand?post=46"},{"taxonomy":"product_cat","embeddable":true,"href":"https:\/\/lavandaspa.com.br\/loja\/wp-json\/wp\/v2\/product_cat?post=46"},{"taxonomy":"product_tag","embeddable":true,"href":"https:\/\/lavandaspa.com.br\/loja\/wp-json\/wp\/v2\/product_tag?post=46"}],"curies":[{"name":"wp","href":"https:\/\/api.w.org\/{rel}","templated":true}]}}