{"id":4896,"date":"2023-02-14T12:01:20","date_gmt":"2023-02-14T15:01:20","guid":{"rendered":"https:\/\/lavandaspa.com.br\/loja\/?post_type=product&#038;p=4896"},"modified":"2026-03-27T06:38:27","modified_gmt":"2026-03-27T09:38:27","slug":"half-spa-casal","status":"publish","type":"product","link":"https:\/\/lavandaspa.com.br\/loja\/produto\/half-spa-casal\/","title":{"rendered":"Half Spa Due"},"content":{"rendered":"","protected":false},"excerpt":{"rendered":"<p>O Ritual Half Spa \u00e9 indicado para quem deseja fugir da rotina e\u00a0 vivenciar uma experi\u00eancia a dois com foco no relaxamento e al\u00edvio das tens\u00f5es di\u00e1rias.<\/p>\n<div>\n<p><b>Uma Viv\u00eancia pensada em promover um relaxamento profundo, a fazer uma pausa na rotina, estimular os sentidos para um corpo revitalizado e renovado.<\/b><\/p>\n<p>Neste Ritual , vamos combinar terapias relaxantes:<\/p>\n<ul>\n<li>Massagem terap\u00eautica com \u00f3leos essenciais<\/li>\n<li>Massagem facial Care<\/li>\n<li>Escalda P\u00e9s calmaria com blend de \u00f3leos essenciais<\/li>\n<\/ul>\n<p>Neste ritual ser\u00e3o servidos degusta\u00e7\u00f5es apartir de um card\u00e1pio selecionado do dia.<\/p>\n<\/div>\n<p>Tempo: 90 minutos<\/p>\n<p>Voucher tem validade de 90dias ap\u00f3s a compra.<\/p>\n<p><strong>Venham viver essa\u00a0 experi\u00eancia a dois.<\/p>\n<p>*Valores promocionais para PG \u00e0 vista PIX 1 x 844,00<br \/>\nou\u00a0 Parcelado 5 x 182,00<\/strong><\/p>\n","protected":false},"featured_media":4897,"comment_status":"open","ping_status":"closed","template":"","meta":{"_exactmetrics_skip_tracking":false,"_exactmetrics_sitenote_active":false,"_exactmetrics_sitenote_note":"","_exactmetrics_sitenote_category":0},"product_brand":[],"product_cat":[42,19,611,666,44],"product_tag":[35,22,30],"class_list":{"0":"post-4896","1":"product","2":"type-product","3":"status-publish","4":"has-post-thumbnail","6":"product_cat-day-spa","7":"product_cat-massagem","8":"product_cat-promocional","9":"product_cat-ritual-para-2-pessoas","10":"product_cat-terapeutica","11":"product_tag-facial","12":"product_tag-massagem","13":"product_tag-spa-pes","15":"first","16":"instock","17":"sale","18":"downloadable","19":"virtual","20":"purchasable","21":"product-type-simple"},"_links":{"self":[{"href":"https:\/\/lavandaspa.com.br\/loja\/wp-json\/wp\/v2\/product\/4896","targetHints":{"allow":["GET"]}}],"collection":[{"href":"https:\/\/lavandaspa.com.br\/loja\/wp-json\/wp\/v2\/product"}],"about":[{"href":"https:\/\/lavandaspa.com.br\/loja\/wp-json\/wp\/v2\/types\/product"}],"replies":[{"embeddable":true,"href":"https:\/\/lavandaspa.com.br\/loja\/wp-json\/wp\/v2\/comments?post=4896"}],"wp:featuredmedia":[{"embeddable":true,"href":"https:\/\/lavandaspa.com.br\/loja\/wp-json\/wp\/v2\/media\/4897"}],"wp:attachment":[{"href":"https:\/\/lavandaspa.com.br\/loja\/wp-json\/wp\/v2\/media?parent=4896"}],"wp:term":[{"taxonomy":"product_brand","embeddable":true,"href":"https:\/\/lavandaspa.com.br\/loja\/wp-json\/wp\/v2\/product_brand?post=4896"},{"taxonomy":"product_cat","embeddable":true,"href":"https:\/\/lavandaspa.com.br\/loja\/wp-json\/wp\/v2\/product_cat?post=4896"},{"taxonomy":"product_tag","embeddable":true,"href":"https:\/\/lavandaspa.com.br\/loja\/wp-json\/wp\/v2\/product_tag?post=4896"}],"curies":[{"name":"wp","href":"https:\/\/api.w.org\/{rel}","templated":true}]}}