{"id":4951,"date":"2023-06-02T17:58:24","date_gmt":"2023-06-02T20:58:24","guid":{"rendered":"https:\/\/lavandaspa.com.br\/loja\/?post_type=product&#038;p=4951"},"modified":"2025-09-26T15:28:35","modified_gmt":"2025-09-26T18:28:35","slug":"spa-namo-due","status":"publish","type":"product","link":"https:\/\/lavandaspa.com.br\/loja\/produto\/spa-namo-due\/","title":{"rendered":"SPA NAM\u00d4 DUE"},"content":{"rendered":"","protected":false},"excerpt":{"rendered":"<p>O <em><strong>Spa Nam\u00f4 Due,<\/strong><\/em><\/p>\n<p>\u00c9 para voc\u00eas ficarem bem juntinhos compartilhando os melhores momentos de cumplicidade e carinho!<\/p>\n<p>Nossa proposta \u00e9 promover uma <strong>viagem sensorial a dois<\/strong> criando mem\u00f3rias afetivas singulares!<\/p>\n<p>Promovemos uma sinergia de terapias combinadas,<\/p>\n<ul>\n<li>E<em><strong>scalda P\u00e9s\u00a0<\/strong><\/em><b><i>terap\u00eautico com esfolia\u00e7\u00e3o +<\/i><\/b>\u00a0<em><strong>Reflexologia Podal\u00a0 <\/strong><\/em>que estimular\u00e3o os pontos reflexos,\u00a0 equilibrando o fluxo de energia e promovendo a redu\u00e7\u00e3o de stress, ansiedade desacelerando corpo e mente.<\/li>\n<li>Seguimos a viv\u00eancia com uma <em><strong>Massagem Corpore Lavanda,<\/strong> uma t\u00e9cnica Terap\u00eautica aplicada para liberar o tecido profundo <strong>\u00a0<\/strong><\/em><\/li>\n<li><em><strong>A Massagem\u00a0 facial, <\/strong><\/em>ativa os fluxos linf\u00e1ticos faciais, a <strong>Mascara Rejuvenescedora<\/strong> hidrata e promove um efeito lifting .<br \/>\nDurante toda a viv\u00eancia aliamos o calor dos \u00f3leos naturais e \u00f3leos essenciais medicinais para revitalizar o corpo e mente promovendo uma sensa\u00e7\u00e3o de leveza e plenitude.<\/li>\n<\/ul>\n<p>Nessa viv\u00eancia ser\u00e1<em> servido degusta\u00e7\u00e3o a partir de um card\u00e1pio selecionado, e a uma Ta\u00e7a de Espumante*<\/em> para brindar esse momento \u00fanico.<\/p>\n<p><em>&#8220;Viva essa experi\u00eancia a Dois&#8221;<\/em><\/p>\n<p>Tempo aproximado: <strong>2h10<\/strong><\/p>\n<p>*Valores promocionais para compra pelo whats app, PG \u00e0 vista PIX<br \/>\nou\u00a0 Parcelado em at\u00e9 6 x 184,00<\/p>\n<p>&nbsp;<\/p>\n","protected":false},"featured_media":5040,"comment_status":"open","ping_status":"closed","template":"","meta":{"_exactmetrics_skip_tracking":false,"_exactmetrics_sitenote_active":false,"_exactmetrics_sitenote_note":"","_exactmetrics_sitenote_category":0},"product_brand":[],"product_cat":[42,21,611,666],"product_tag":[301,352,662,664,663],"class_list":{"0":"post-4951","1":"product","2":"type-product","3":"status-publish","4":"has-post-thumbnail","6":"product_cat-day-spa","7":"product_cat-especial","8":"product_cat-promocional","9":"product_cat-ritual-para-2-pessoas","10":"product_tag-day-spa-casal","11":"product_tag-dia-dos-namorados","12":"product_tag-presente-do-namorado","13":"product_tag-spa-namorados","14":"product_tag-spa-presente","16":"first","17":"instock","18":"sale","19":"downloadable","20":"virtual","21":"purchasable","22":"product-type-simple"},"_links":{"self":[{"href":"https:\/\/lavandaspa.com.br\/loja\/wp-json\/wp\/v2\/product\/4951","targetHints":{"allow":["GET"]}}],"collection":[{"href":"https:\/\/lavandaspa.com.br\/loja\/wp-json\/wp\/v2\/product"}],"about":[{"href":"https:\/\/lavandaspa.com.br\/loja\/wp-json\/wp\/v2\/types\/product"}],"replies":[{"embeddable":true,"href":"https:\/\/lavandaspa.com.br\/loja\/wp-json\/wp\/v2\/comments?post=4951"}],"wp:featuredmedia":[{"embeddable":true,"href":"https:\/\/lavandaspa.com.br\/loja\/wp-json\/wp\/v2\/media\/5040"}],"wp:attachment":[{"href":"https:\/\/lavandaspa.com.br\/loja\/wp-json\/wp\/v2\/media?parent=4951"}],"wp:term":[{"taxonomy":"product_brand","embeddable":true,"href":"https:\/\/lavandaspa.com.br\/loja\/wp-json\/wp\/v2\/product_brand?post=4951"},{"taxonomy":"product_cat","embeddable":true,"href":"https:\/\/lavandaspa.com.br\/loja\/wp-json\/wp\/v2\/product_cat?post=4951"},{"taxonomy":"product_tag","embeddable":true,"href":"https:\/\/lavandaspa.com.br\/loja\/wp-json\/wp\/v2\/product_tag?post=4951"}],"curies":[{"name":"wp","href":"https:\/\/api.w.org\/{rel}","templated":true}]}}