{"id":4953,"date":"2023-06-02T18:01:38","date_gmt":"2023-06-02T21:01:38","guid":{"rendered":"https:\/\/lavandaspa.com.br\/loja\/?post_type=product&#038;p=4953"},"modified":"2025-07-04T11:40:32","modified_gmt":"2025-07-04T14:40:32","slug":"spa-relaxa-amore","status":"publish","type":"product","link":"https:\/\/lavandaspa.com.br\/loja\/produto\/spa-relaxa-amore\/","title":{"rendered":"SPA Relaxa Amore"},"content":{"rendered":"","protected":false},"excerpt":{"rendered":"<p><em><strong>Spa Relaxa Amore\u00a0<\/strong><\/em><\/p>\n<p>Para inspirar e conduzir voc\u00ea por uma experi\u00eancia relaxante incr\u00edvel.<\/p>\n<div>\n<p>Uma Viv\u00eancia \u00fanica e terap\u00eautica que vai promover um relaxamento profundo, trabalhando a beleza est\u00e9tica e fazendo um Detox em seu corpo, para sair Revitalizado e renovado.<\/p>\n<p>Neste Ritual , vamos realiza uma sinergia de terapias;<\/p>\n<ul>\n<li><em><strong>Escalda p\u00e9s Energia <\/strong><\/em><\/li>\n<li><em><strong>Massagem Personalite (viv\u00eancia protocolo personalizado)<\/strong><\/em><\/li>\n<li><em><strong>Massagem facial <\/strong><\/em><\/li>\n<li><em><strong>Revitaliza\u00e7\u00e3o facial +M\u00e1scara facial rejuvenescedora<\/strong><\/em><\/li>\n<\/ul>\n<p>Durante essa viv\u00eancia ser\u00e1 servido degusta\u00e7\u00e3o em um card\u00e1pio com op\u00e7\u00f5es selecionadas do dia. Ta\u00e7a de Espumante* para brindar esse momento \u00fanico.<\/p>\n<p><em>&#8221; Viva essa Experi\u00eancia&#8221;<\/em><\/p>\n<\/div>\n<p>Tempo: 120 minutos<\/p>\n<p>*Valor especial para compra pelo WhatsApp <strong>\u00e0 Vista PIX<\/strong><br \/>\nou <em><strong>Parcelado em 4 x 124,00<\/strong><\/em><\/p>\n","protected":false},"featured_media":5043,"comment_status":"open","ping_status":"closed","template":"","meta":{"_exactmetrics_skip_tracking":false,"_exactmetrics_sitenote_active":false,"_exactmetrics_sitenote_note":"","_exactmetrics_sitenote_category":0},"product_brand":[],"product_cat":[42,21,611,665],"product_tag":[35,22,30],"class_list":{"0":"post-4953","1":"product","2":"type-product","3":"status-publish","4":"has-post-thumbnail","6":"product_cat-day-spa","7":"product_cat-especial","8":"product_cat-promocional","9":"product_cat-ritual-individual","10":"product_tag-facial","11":"product_tag-massagem","12":"product_tag-spa-pes","14":"first","15":"instock","16":"sale","17":"featured","18":"downloadable","19":"virtual","20":"purchasable","21":"product-type-simple"},"_links":{"self":[{"href":"https:\/\/lavandaspa.com.br\/loja\/wp-json\/wp\/v2\/product\/4953","targetHints":{"allow":["GET"]}}],"collection":[{"href":"https:\/\/lavandaspa.com.br\/loja\/wp-json\/wp\/v2\/product"}],"about":[{"href":"https:\/\/lavandaspa.com.br\/loja\/wp-json\/wp\/v2\/types\/product"}],"replies":[{"embeddable":true,"href":"https:\/\/lavandaspa.com.br\/loja\/wp-json\/wp\/v2\/comments?post=4953"}],"wp:featuredmedia":[{"embeddable":true,"href":"https:\/\/lavandaspa.com.br\/loja\/wp-json\/wp\/v2\/media\/5043"}],"wp:attachment":[{"href":"https:\/\/lavandaspa.com.br\/loja\/wp-json\/wp\/v2\/media?parent=4953"}],"wp:term":[{"taxonomy":"product_brand","embeddable":true,"href":"https:\/\/lavandaspa.com.br\/loja\/wp-json\/wp\/v2\/product_brand?post=4953"},{"taxonomy":"product_cat","embeddable":true,"href":"https:\/\/lavandaspa.com.br\/loja\/wp-json\/wp\/v2\/product_cat?post=4953"},{"taxonomy":"product_tag","embeddable":true,"href":"https:\/\/lavandaspa.com.br\/loja\/wp-json\/wp\/v2\/product_tag?post=4953"}],"curies":[{"name":"wp","href":"https:\/\/api.w.org\/{rel}","templated":true}]}}