{"id":4954,"date":"2023-06-02T18:05:07","date_gmt":"2023-06-02T21:05:07","guid":{"rendered":"https:\/\/lavandaspa.com.br\/loja\/?post_type=product&#038;p=4954"},"modified":"2026-03-27T06:39:14","modified_gmt":"2026-03-27T09:39:14","slug":"spa-love-is-love","status":"publish","type":"product","link":"https:\/\/lavandaspa.com.br\/loja\/produto\/spa-love-is-love\/","title":{"rendered":"SPA Love is Love"},"content":{"rendered":"\r\n<p>Edi\u00e7\u00e3o Especial\u00a0<\/p>\r\n","protected":false},"excerpt":{"rendered":"<p>O <strong>Spa LOVE<\/strong> <strong>IS<\/strong>\u00a0<strong> LOVE,<i>\u00a0<\/i><\/strong><\/p>\n<p>Esse \u00e9 um momento para uma viv\u00eancia de relaxamento em um <em>SPA Terap\u00eautico e Est\u00e9tico<\/em>, um momento para o autocuidado completo com terapias combinadas.<\/p>\n<p>Desfrute desse momento \u00fanico dedicado a voc\u00ea; <br \/>Sua experi\u00eancia iniciar\u00e1 com um <strong>Escalda p\u00e9s CALMARIA,<\/strong> com ervas arom\u00e1ticas e sais especiais, em seguida a nossa <em><strong>M<\/strong><strong>assagem Meridianos<\/strong><\/em> com foco nos <strong>P\u00e9s, M\u00e3os e Cabe\u00e7a para liberar o fluxo energ\u00e9tico<\/strong> nos meridianos do corpo; uma <em><strong>Esfolia\u00e7\u00e3o Corporal<\/strong><\/em> vai liberar as c\u00e9lulas mortas e estimular uma renova\u00e7\u00e3o celular, aliado \u00e0 uma <em><b>Hidrata\u00e7\u00e3o Facial <\/b><\/em>\u00a0em seguida uma <strong><em>Massagem T<\/em>erap\u00eautica<\/strong>, com \u00f3leo levemente aquecido com \u00f3leo essencial selecionado para o seu momento, que vai promover al\u00edvios as tens\u00f5es, liberar as musculaturas profundas promovendo um relaxamento completo levando a uma experi\u00eancia de reconex\u00e3o completa.\u00a0<\/p>\n<p>Durante sua viv\u00eancia ser\u00e1\u00a0 voc\u00ea vai desfrutar de uma degusta\u00e7\u00e3o especialmente para esse momento, com Nuts, Snacks, Ch\u00e1s e uma Ta\u00e7a de Espumante* para brindar esse momento \u00fanico.<\/p>\n<p><em>&#8221; Viva essa Experi\u00eancia&#8221;<\/em><\/p>\n<p>Tempo:<em><strong> 2h30 min<\/strong><\/em><\/p>\n<p><em><strong><br \/><\/strong><\/em><strong>** <\/strong>Valor v\u00e1lido para compras pelo WhatsApp com <strong>pagamento via PIX<\/strong><strong><br \/>ou Parcelar <\/strong>em cart\u00e3o de cr\u00e9dito <strong>sendo 6 x R$129,00<\/strong><\/p>\n","protected":false},"featured_media":4579,"comment_status":"open","ping_status":"closed","template":"","meta":{"_exactmetrics_skip_tracking":false,"_exactmetrics_sitenote_active":false,"_exactmetrics_sitenote_note":"","_exactmetrics_sitenote_category":0},"product_brand":[],"product_cat":[42,665],"product_tag":[251,257],"class_list":{"0":"post-4954","1":"product","2":"type-product","3":"status-publish","4":"has-post-thumbnail","6":"product_cat-day-spa","7":"product_cat-ritual-individual","8":"product_tag-massagem-relaxante","9":"product_tag-massagem-revigorante","11":"first","12":"instock","13":"sale","14":"downloadable","15":"virtual","16":"purchasable","17":"product-type-simple"},"_links":{"self":[{"href":"https:\/\/lavandaspa.com.br\/loja\/wp-json\/wp\/v2\/product\/4954","targetHints":{"allow":["GET"]}}],"collection":[{"href":"https:\/\/lavandaspa.com.br\/loja\/wp-json\/wp\/v2\/product"}],"about":[{"href":"https:\/\/lavandaspa.com.br\/loja\/wp-json\/wp\/v2\/types\/product"}],"replies":[{"embeddable":true,"href":"https:\/\/lavandaspa.com.br\/loja\/wp-json\/wp\/v2\/comments?post=4954"}],"wp:featuredmedia":[{"embeddable":true,"href":"https:\/\/lavandaspa.com.br\/loja\/wp-json\/wp\/v2\/media\/4579"}],"wp:attachment":[{"href":"https:\/\/lavandaspa.com.br\/loja\/wp-json\/wp\/v2\/media?parent=4954"}],"wp:term":[{"taxonomy":"product_brand","embeddable":true,"href":"https:\/\/lavandaspa.com.br\/loja\/wp-json\/wp\/v2\/product_brand?post=4954"},{"taxonomy":"product_cat","embeddable":true,"href":"https:\/\/lavandaspa.com.br\/loja\/wp-json\/wp\/v2\/product_cat?post=4954"},{"taxonomy":"product_tag","embeddable":true,"href":"https:\/\/lavandaspa.com.br\/loja\/wp-json\/wp\/v2\/product_tag?post=4954"}],"curies":[{"name":"wp","href":"https:\/\/api.w.org\/{rel}","templated":true}]}}