{"id":58,"date":"2017-10-22T20:29:56","date_gmt":"2017-10-22T22:29:56","guid":{"rendered":"http:\/\/lavandaspa.com.br\/loja\/?post_type=product&#038;p=58"},"modified":"2025-06-10T11:48:01","modified_gmt":"2025-06-10T14:48:01","slug":"massagem-anti-stress","status":"publish","type":"product","link":"https:\/\/lavandaspa.com.br\/loja\/produto\/massagem-anti-stress\/","title":{"rendered":"Massagem Anti-stress"},"content":{"rendered":"","protected":false},"excerpt":{"rendered":"<p>A Massagem Anti-Stress consiste na manipula\u00e7\u00e3o dos m\u00fasculos em tens\u00e3o do dorso (cabe\u00e7a, costas e cervical).<br \/>\nSeus movimentos, firmes com deslizamentos e leves compress\u00f5es, aliviam dores e desconfortos causados por tens\u00f5es do dia-dia.<\/p>\n<p>55 minutos<\/p>\n","protected":false},"featured_media":4059,"comment_status":"open","ping_status":"closed","template":"","meta":{"_exactmetrics_skip_tracking":false,"_exactmetrics_sitenote_active":false,"_exactmetrics_sitenote_note":"","_exactmetrics_sitenote_category":0},"product_brand":[],"product_cat":[19,671],"product_tag":[241,255,248,622,276,621],"class_list":{"0":"post-58","1":"product","2":"type-product","3":"status-publish","4":"has-post-thumbnail","6":"product_cat-massagem","7":"product_cat-massagem-massagem","8":"product_tag-alivio-de-dores","9":"product_tag-anti-stress","10":"product_tag-massagem-corporativa","11":"product_tag-massagem-dia-dos-pais","12":"product_tag-massagem-para-eventos","13":"product_tag-spa-dia-dos-pais","15":"first","16":"instock","17":"sale","18":"downloadable","19":"virtual","20":"purchasable","21":"product-type-simple"},"_links":{"self":[{"href":"https:\/\/lavandaspa.com.br\/loja\/wp-json\/wp\/v2\/product\/58","targetHints":{"allow":["GET"]}}],"collection":[{"href":"https:\/\/lavandaspa.com.br\/loja\/wp-json\/wp\/v2\/product"}],"about":[{"href":"https:\/\/lavandaspa.com.br\/loja\/wp-json\/wp\/v2\/types\/product"}],"replies":[{"embeddable":true,"href":"https:\/\/lavandaspa.com.br\/loja\/wp-json\/wp\/v2\/comments?post=58"}],"wp:featuredmedia":[{"embeddable":true,"href":"https:\/\/lavandaspa.com.br\/loja\/wp-json\/wp\/v2\/media\/4059"}],"wp:attachment":[{"href":"https:\/\/lavandaspa.com.br\/loja\/wp-json\/wp\/v2\/media?parent=58"}],"wp:term":[{"taxonomy":"product_brand","embeddable":true,"href":"https:\/\/lavandaspa.com.br\/loja\/wp-json\/wp\/v2\/product_brand?post=58"},{"taxonomy":"product_cat","embeddable":true,"href":"https:\/\/lavandaspa.com.br\/loja\/wp-json\/wp\/v2\/product_cat?post=58"},{"taxonomy":"product_tag","embeddable":true,"href":"https:\/\/lavandaspa.com.br\/loja\/wp-json\/wp\/v2\/product_tag?post=58"}],"curies":[{"name":"wp","href":"https:\/\/api.w.org\/{rel}","templated":true}]}}