{"id":63,"date":"2017-10-22T20:34:18","date_gmt":"2017-10-22T22:34:18","guid":{"rendered":"http:\/\/lavandaspa.com.br\/loja\/?post_type=product&#038;p=63"},"modified":"2024-12-20T13:55:28","modified_gmt":"2024-12-20T16:55:28","slug":"massagem-gestante","status":"publish","type":"product","link":"https:\/\/lavandaspa.com.br\/loja\/produto\/massagem-gestante\/","title":{"rendered":"Massagem Gestante"},"content":{"rendered":"","protected":false},"excerpt":{"rendered":"<p>A massagem proporciona o toque suave da massagem relaxante, com um misto de drenagem para os membros inferiores, auxiliando no al\u00edvio ao incha\u00e7o causado pela reten\u00e7\u00e3o de l\u00edquidos, normal nesta fase de muitas\u00a0mudan\u00e7as no corpo e no emocional.<\/p>\n<p>Pode ser realizada a partir da 12\u00aa semana de gesta\u00e7\u00e3o, desde que n\u00e3o haja complica\u00e7\u00f5es.<\/p>\n<p>60 minutos<\/p>\n","protected":false},"featured_media":4063,"comment_status":"open","ping_status":"closed","template":"","meta":{"_exactmetrics_skip_tracking":false,"_exactmetrics_sitenote_active":false,"_exactmetrics_sitenote_note":"","_exactmetrics_sitenote_category":0},"product_brand":[],"product_cat":[19,44],"product_tag":[265,266,264,263,262],"class_list":{"0":"post-63","1":"product","2":"type-product","3":"status-publish","4":"has-post-thumbnail","6":"product_cat-massagem","7":"product_cat-terapeutica","8":"product_tag-edema-na-gestacao","9":"product_tag-gestante","10":"product_tag-inchaco-na-gravidez","11":"product_tag-mae-de-primeira-viagem","12":"product_tag-massagem-gestante","14":"first","15":"instock","16":"downloadable","17":"virtual","18":"purchasable","19":"product-type-simple"},"_links":{"self":[{"href":"https:\/\/lavandaspa.com.br\/loja\/wp-json\/wp\/v2\/product\/63","targetHints":{"allow":["GET"]}}],"collection":[{"href":"https:\/\/lavandaspa.com.br\/loja\/wp-json\/wp\/v2\/product"}],"about":[{"href":"https:\/\/lavandaspa.com.br\/loja\/wp-json\/wp\/v2\/types\/product"}],"replies":[{"embeddable":true,"href":"https:\/\/lavandaspa.com.br\/loja\/wp-json\/wp\/v2\/comments?post=63"}],"wp:featuredmedia":[{"embeddable":true,"href":"https:\/\/lavandaspa.com.br\/loja\/wp-json\/wp\/v2\/media\/4063"}],"wp:attachment":[{"href":"https:\/\/lavandaspa.com.br\/loja\/wp-json\/wp\/v2\/media?parent=63"}],"wp:term":[{"taxonomy":"product_brand","embeddable":true,"href":"https:\/\/lavandaspa.com.br\/loja\/wp-json\/wp\/v2\/product_brand?post=63"},{"taxonomy":"product_cat","embeddable":true,"href":"https:\/\/lavandaspa.com.br\/loja\/wp-json\/wp\/v2\/product_cat?post=63"},{"taxonomy":"product_tag","embeddable":true,"href":"https:\/\/lavandaspa.com.br\/loja\/wp-json\/wp\/v2\/product_tag?post=63"}],"curies":[{"name":"wp","href":"https:\/\/api.w.org\/{rel}","templated":true}]}}