{"id":64,"date":"2017-10-22T20:34:56","date_gmt":"2017-10-22T22:34:56","guid":{"rendered":"http:\/\/lavandaspa.com.br\/loja\/?post_type=product&#038;p=64"},"modified":"2024-12-22T20:05:08","modified_gmt":"2024-12-22T23:05:08","slug":"massagem-oriental-craniana","status":"publish","type":"product","link":"https:\/\/lavandaspa.com.br\/loja\/produto\/massagem-oriental-craniana\/","title":{"rendered":"Massagem Oriental Craniana"},"content":{"rendered":"","protected":false},"excerpt":{"rendered":"<p>Oriunda da massagem tradicional chinesa TuiN\u00e1, atrav\u00e9s de t\u00e9cnicas de\u00a0esfregar, comprimir, amassar e o bater com as m\u00e3os em pontos\u00a0 espec\u00edficos,\u00a0visa o equil\u00edbrio da energia vital, o Ki.<\/p>\n<p>Massagem extremamente relaxante que percorre , pesco\u00e7o, ombros , rosto e cabe\u00e7a.<br \/>\nAuxilia na redu\u00e7\u00e3o do cansa\u00e7o mental, dores de cabe\u00e7a e stress.<\/p>\n<p>Alivia dores e tens\u00f5es.<\/p>\n<p>30 minutos<\/p>\n","protected":false},"featured_media":4067,"comment_status":"closed","ping_status":"closed","template":"","meta":{"_exactmetrics_skip_tracking":false,"_exactmetrics_sitenote_active":false,"_exactmetrics_sitenote_note":"","_exactmetrics_sitenote_category":0},"product_brand":[],"product_cat":[19,44],"product_tag":[261,260,258,240,257,259],"class_list":{"0":"post-64","1":"product","2":"type-product","3":"status-publish","4":"has-post-thumbnail","6":"product_cat-massagem","7":"product_cat-terapeutica","8":"product_tag-alivio-para-sinusite","9":"product_tag-congestao-nasal","10":"product_tag-craniana","11":"product_tag-ki","12":"product_tag-massagem-revigorante","13":"product_tag-sinusite","15":"first","16":"instock","17":"downloadable","18":"virtual","19":"purchasable","20":"product-type-simple"},"_links":{"self":[{"href":"https:\/\/lavandaspa.com.br\/loja\/wp-json\/wp\/v2\/product\/64","targetHints":{"allow":["GET"]}}],"collection":[{"href":"https:\/\/lavandaspa.com.br\/loja\/wp-json\/wp\/v2\/product"}],"about":[{"href":"https:\/\/lavandaspa.com.br\/loja\/wp-json\/wp\/v2\/types\/product"}],"replies":[{"embeddable":true,"href":"https:\/\/lavandaspa.com.br\/loja\/wp-json\/wp\/v2\/comments?post=64"}],"wp:featuredmedia":[{"embeddable":true,"href":"https:\/\/lavandaspa.com.br\/loja\/wp-json\/wp\/v2\/media\/4067"}],"wp:attachment":[{"href":"https:\/\/lavandaspa.com.br\/loja\/wp-json\/wp\/v2\/media?parent=64"}],"wp:term":[{"taxonomy":"product_brand","embeddable":true,"href":"https:\/\/lavandaspa.com.br\/loja\/wp-json\/wp\/v2\/product_brand?post=64"},{"taxonomy":"product_cat","embeddable":true,"href":"https:\/\/lavandaspa.com.br\/loja\/wp-json\/wp\/v2\/product_cat?post=64"},{"taxonomy":"product_tag","embeddable":true,"href":"https:\/\/lavandaspa.com.br\/loja\/wp-json\/wp\/v2\/product_tag?post=64"}],"curies":[{"name":"wp","href":"https:\/\/api.w.org\/{rel}","templated":true}]}}