{"id":65,"date":"2017-10-22T20:35:34","date_gmt":"2017-10-22T22:35:34","guid":{"rendered":"http:\/\/lavandaspa.com.br\/loja\/?post_type=product&#038;p=65"},"modified":"2023-11-26T12:19:12","modified_gmt":"2023-11-26T15:19:12","slug":"massagem-pedras-quentes","status":"publish","type":"product","link":"https:\/\/lavandaspa.com.br\/loja\/produto\/massagem-pedras-quentes\/","title":{"rendered":"Massagem Pedras Quentes"},"content":{"rendered":"","protected":false},"excerpt":{"rendered":"<p>Uma massagem extremamente relaxante, realizada com pedras vulc\u00e2nicas e sedimentares aquecidas, que s\u00e3o passadas sobre o corpo, como ve\u00edculo para massagem. O contato com o calor promove um\u00a0relaxamento profundo, melhora as fun\u00e7\u00f5es org\u00e2nicas, recupera a energia e\u00a0elimina o estresse.<\/p>\n<p>Revigora a mente, auxilia na recupera\u00e7\u00e3o do sistema imune e relaxa a musculatura corporal.<\/p>\n<p>60 minutos<\/p>\n","protected":false},"featured_media":4068,"comment_status":"open","ping_status":"closed","template":"","meta":{"_exactmetrics_skip_tracking":false,"_exactmetrics_sitenote_active":false,"_exactmetrics_sitenote_note":"","_exactmetrics_sitenote_category":0},"product_brand":[],"product_cat":[19,44],"product_tag":[255,22,251,257,256],"class_list":{"0":"post-65","1":"product","2":"type-product","3":"status-publish","4":"has-post-thumbnail","6":"product_cat-massagem","7":"product_cat-terapeutica","8":"product_tag-anti-stress","9":"product_tag-massagem","10":"product_tag-massagem-relaxante","11":"product_tag-massagem-revigorante","12":"product_tag-pedras-quentes","14":"first","15":"instock","16":"downloadable","17":"virtual","18":"purchasable","19":"product-type-simple"},"_links":{"self":[{"href":"https:\/\/lavandaspa.com.br\/loja\/wp-json\/wp\/v2\/product\/65","targetHints":{"allow":["GET"]}}],"collection":[{"href":"https:\/\/lavandaspa.com.br\/loja\/wp-json\/wp\/v2\/product"}],"about":[{"href":"https:\/\/lavandaspa.com.br\/loja\/wp-json\/wp\/v2\/types\/product"}],"replies":[{"embeddable":true,"href":"https:\/\/lavandaspa.com.br\/loja\/wp-json\/wp\/v2\/comments?post=65"}],"wp:featuredmedia":[{"embeddable":true,"href":"https:\/\/lavandaspa.com.br\/loja\/wp-json\/wp\/v2\/media\/4068"}],"wp:attachment":[{"href":"https:\/\/lavandaspa.com.br\/loja\/wp-json\/wp\/v2\/media?parent=65"}],"wp:term":[{"taxonomy":"product_brand","embeddable":true,"href":"https:\/\/lavandaspa.com.br\/loja\/wp-json\/wp\/v2\/product_brand?post=65"},{"taxonomy":"product_cat","embeddable":true,"href":"https:\/\/lavandaspa.com.br\/loja\/wp-json\/wp\/v2\/product_cat?post=65"},{"taxonomy":"product_tag","embeddable":true,"href":"https:\/\/lavandaspa.com.br\/loja\/wp-json\/wp\/v2\/product_tag?post=65"}],"curies":[{"name":"wp","href":"https:\/\/api.w.org\/{rel}","templated":true}]}}