{"id":68,"date":"2017-10-22T20:37:02","date_gmt":"2017-10-22T22:37:02","guid":{"rendered":"http:\/\/lavandaspa.com.br\/loja\/?post_type=product&#038;p=68"},"modified":"2025-07-04T11:46:34","modified_gmt":"2025-07-04T14:46:34","slug":"massagem-relaxante","status":"publish","type":"product","link":"https:\/\/lavandaspa.com.br\/loja\/produto\/massagem-relaxante\/","title":{"rendered":"Lavanda Massagem terap\u00eautica"},"content":{"rendered":"","protected":false},"excerpt":{"rendered":"<p>Massagem relaxante , com forte atua\u00e7\u00e3o sob os m\u00fasculos proporcionando equil\u00edbrio f\u00edsico e energ\u00e9tico.<\/p>\n<p>Inicia com Escalda p\u00e9s floral, seguido por uma massagem relaxante com \u00f3leos essenciais de lavanda, durante o ritual , ser\u00e1 servido ch\u00e1 relaxante.<\/p>\n<p>TEMPO: 60 MIN<\/p>\n","protected":false},"featured_media":4508,"comment_status":"closed","ping_status":"closed","template":"","meta":{"_exactmetrics_skip_tracking":false,"_exactmetrics_sitenote_active":false,"_exactmetrics_sitenote_note":"","_exactmetrics_sitenote_category":0},"product_brand":[],"product_cat":[19,611,44],"product_tag":[22,250,252],"class_list":{"0":"post-68","1":"product","2":"type-product","3":"status-publish","4":"has-post-thumbnail","6":"product_cat-massagem","7":"product_cat-promocional","8":"product_cat-terapeutica","9":"product_tag-massagem","10":"product_tag-massagem-energetica","11":"product_tag-reequilibrio-energetico","13":"first","14":"instock","15":"sale","16":"downloadable","17":"virtual","18":"purchasable","19":"product-type-simple"},"_links":{"self":[{"href":"https:\/\/lavandaspa.com.br\/loja\/wp-json\/wp\/v2\/product\/68","targetHints":{"allow":["GET"]}}],"collection":[{"href":"https:\/\/lavandaspa.com.br\/loja\/wp-json\/wp\/v2\/product"}],"about":[{"href":"https:\/\/lavandaspa.com.br\/loja\/wp-json\/wp\/v2\/types\/product"}],"replies":[{"embeddable":true,"href":"https:\/\/lavandaspa.com.br\/loja\/wp-json\/wp\/v2\/comments?post=68"}],"wp:featuredmedia":[{"embeddable":true,"href":"https:\/\/lavandaspa.com.br\/loja\/wp-json\/wp\/v2\/media\/4508"}],"wp:attachment":[{"href":"https:\/\/lavandaspa.com.br\/loja\/wp-json\/wp\/v2\/media?parent=68"}],"wp:term":[{"taxonomy":"product_brand","embeddable":true,"href":"https:\/\/lavandaspa.com.br\/loja\/wp-json\/wp\/v2\/product_brand?post=68"},{"taxonomy":"product_cat","embeddable":true,"href":"https:\/\/lavandaspa.com.br\/loja\/wp-json\/wp\/v2\/product_cat?post=68"},{"taxonomy":"product_tag","embeddable":true,"href":"https:\/\/lavandaspa.com.br\/loja\/wp-json\/wp\/v2\/product_tag?post=68"}],"curies":[{"name":"wp","href":"https:\/\/api.w.org\/{rel}","templated":true}]}}