{"id":72,"date":"2017-10-22T20:38:39","date_gmt":"2017-10-22T22:38:39","guid":{"rendered":"http:\/\/lavandaspa.com.br\/loja\/?post_type=product&#038;p=72"},"modified":"2024-12-22T19:41:51","modified_gmt":"2024-12-22T22:41:51","slug":"reflexologia-podal","status":"publish","type":"product","link":"https:\/\/lavandaspa.com.br\/loja\/produto\/reflexologia-podal\/","title":{"rendered":"Reflexologia Podal"},"content":{"rendered":"","protected":false},"excerpt":{"rendered":"<p>Al\u00edvio de dores nos p\u00e9s e\u00a0estimulo do sistema imunol\u00f3gico e outros mecanismos de auto equil\u00edbrio org\u00e2nico.<\/p>\n<p>T\u00e9cnica da Medicina Chinesa, essa viv\u00eancia\u00a0 \u00e9 realizada atrav\u00e9s da aplica\u00e7\u00e3o de press\u00f5es em pontos dos p\u00e9s que refletem os \u00f3rg\u00e3os internos,\u00a0\u00a0auxiliando preventivamente nas ocorr\u00eancias de dist\u00farbios potenciais.<br \/>\nPara potencializar os efeitos terap\u00eauticos, realizamos um escalda p\u00e9s energia em sua sess\u00e3o.<\/p>\n<p>35 minutos<\/p>\n","protected":false},"featured_media":4070,"comment_status":"closed","ping_status":"closed","template":"","meta":{"_exactmetrics_skip_tracking":false,"_exactmetrics_sitenote_active":false,"_exactmetrics_sitenote_note":"","_exactmetrics_sitenote_category":0},"product_brand":[],"product_cat":[19,44],"product_tag":[241,242,244,205,243],"class_list":{"0":"post-72","1":"product","2":"type-product","3":"status-publish","4":"has-post-thumbnail","6":"product_cat-massagem","7":"product_cat-terapeutica","8":"product_tag-alivio-de-dores","9":"product_tag-calo","10":"product_tag-massagem-pes","11":"product_tag-realinhamento-de-chakras","12":"product_tag-realinhamento-energetico","14":"first","15":"instock","16":"downloadable","17":"virtual","18":"purchasable","19":"product-type-simple"},"_links":{"self":[{"href":"https:\/\/lavandaspa.com.br\/loja\/wp-json\/wp\/v2\/product\/72","targetHints":{"allow":["GET"]}}],"collection":[{"href":"https:\/\/lavandaspa.com.br\/loja\/wp-json\/wp\/v2\/product"}],"about":[{"href":"https:\/\/lavandaspa.com.br\/loja\/wp-json\/wp\/v2\/types\/product"}],"replies":[{"embeddable":true,"href":"https:\/\/lavandaspa.com.br\/loja\/wp-json\/wp\/v2\/comments?post=72"}],"wp:featuredmedia":[{"embeddable":true,"href":"https:\/\/lavandaspa.com.br\/loja\/wp-json\/wp\/v2\/media\/4070"}],"wp:attachment":[{"href":"https:\/\/lavandaspa.com.br\/loja\/wp-json\/wp\/v2\/media?parent=72"}],"wp:term":[{"taxonomy":"product_brand","embeddable":true,"href":"https:\/\/lavandaspa.com.br\/loja\/wp-json\/wp\/v2\/product_brand?post=72"},{"taxonomy":"product_cat","embeddable":true,"href":"https:\/\/lavandaspa.com.br\/loja\/wp-json\/wp\/v2\/product_cat?post=72"},{"taxonomy":"product_tag","embeddable":true,"href":"https:\/\/lavandaspa.com.br\/loja\/wp-json\/wp\/v2\/product_tag?post=72"}],"curies":[{"name":"wp","href":"https:\/\/api.w.org\/{rel}","templated":true}]}}