{"id":73,"date":"2017-10-22T20:39:26","date_gmt":"2017-10-22T22:39:26","guid":{"rendered":"http:\/\/lavandaspa.com.br\/loja\/?post_type=product&#038;p=73"},"modified":"2023-11-26T12:17:49","modified_gmt":"2023-11-26T15:17:49","slug":"shiatsu","status":"publish","type":"product","link":"https:\/\/lavandaspa.com.br\/loja\/produto\/shiatsu\/","title":{"rendered":"Shiatsu"},"content":{"rendered":"","protected":false},"excerpt":{"rendered":"<p>Se voc\u00ea procura por uma t\u00e9cnica que alivie a tens\u00e3o muscular, reequilibre e realize desbloqueio energ\u00e9tico, al\u00e9m de aliviar as tens\u00f5es emocionais, com certeza o Shiatsu \u00e9 essa t\u00e9cnica.<\/p>\n<p>A massagem \u00e9 realizada por meio da press\u00e3o dos dedos ao longo do corpo, no trajeto dos meridianos, atuando nos pontos de energia vitais do corpo e fazendo a\u00a0libera\u00e7\u00e3o da musculatura.<\/p>\n<p>60 minutos<\/p>\n","protected":false},"featured_media":102,"comment_status":"open","ping_status":"closed","template":"","meta":{"_exactmetrics_skip_tracking":false,"_exactmetrics_sitenote_active":false,"_exactmetrics_sitenote_note":"","_exactmetrics_sitenote_category":0},"product_brand":[],"product_cat":[19,44],"product_tag":[234,206,240,239,205],"class_list":{"0":"post-73","1":"product","2":"type-product","3":"status-publish","4":"has-post-thumbnail","6":"product_cat-massagem","7":"product_cat-terapeutica","8":"product_tag-acupuntura","9":"product_tag-chakras","10":"product_tag-ki","11":"product_tag-meridianos","12":"product_tag-realinhamento-de-chakras","14":"first","15":"instock","16":"downloadable","17":"virtual","18":"purchasable","19":"product-type-simple"},"_links":{"self":[{"href":"https:\/\/lavandaspa.com.br\/loja\/wp-json\/wp\/v2\/product\/73","targetHints":{"allow":["GET"]}}],"collection":[{"href":"https:\/\/lavandaspa.com.br\/loja\/wp-json\/wp\/v2\/product"}],"about":[{"href":"https:\/\/lavandaspa.com.br\/loja\/wp-json\/wp\/v2\/types\/product"}],"replies":[{"embeddable":true,"href":"https:\/\/lavandaspa.com.br\/loja\/wp-json\/wp\/v2\/comments?post=73"}],"wp:featuredmedia":[{"embeddable":true,"href":"https:\/\/lavandaspa.com.br\/loja\/wp-json\/wp\/v2\/media\/102"}],"wp:attachment":[{"href":"https:\/\/lavandaspa.com.br\/loja\/wp-json\/wp\/v2\/media?parent=73"}],"wp:term":[{"taxonomy":"product_brand","embeddable":true,"href":"https:\/\/lavandaspa.com.br\/loja\/wp-json\/wp\/v2\/product_brand?post=73"},{"taxonomy":"product_cat","embeddable":true,"href":"https:\/\/lavandaspa.com.br\/loja\/wp-json\/wp\/v2\/product_cat?post=73"},{"taxonomy":"product_tag","embeddable":true,"href":"https:\/\/lavandaspa.com.br\/loja\/wp-json\/wp\/v2\/product_tag?post=73"}],"curies":[{"name":"wp","href":"https:\/\/api.w.org\/{rel}","templated":true}]}}