{"id":74,"date":"2017-10-22T20:39:55","date_gmt":"2017-10-22T22:39:55","guid":{"rendered":"http:\/\/lavandaspa.com.br\/loja\/?post_type=product&#038;p=74"},"modified":"2026-03-27T06:37:36","modified_gmt":"2026-03-27T09:37:36","slug":"acupuntura","status":"publish","type":"product","link":"https:\/\/lavandaspa.com.br\/loja\/produto\/acupuntura\/","title":{"rendered":"Acupuntura"},"content":{"rendered":"","protected":false},"excerpt":{"rendered":"<p>Estimula\u00e7\u00e3o dos pontos meridionais do corpo, a Acupuntura constitui-se em uma especialidade terap\u00eautica que trata diversas patologias e tamb\u00e9m complementar nos tratamentos convencionais, para promover mais sa\u00fade e bem-estar.<\/p>\n<p>Reconhecida pela OMS (Organiza\u00e7\u00e3o Mundial de Sa\u00fade) onde recomenda em seu relat\u00f3rio o uso de Acupuntura para mais de 200 doen\u00e7as e sintomas (lombalgia, cefaleias, enxaquecas, n\u00e1useas e v\u00f4mitos, rinite al\u00e9rgica, depress\u00e3o e ansiedade, efeitos colaterais da quimioterapia, apenas para citar alguns).<\/p>\n<p>Para quem tem receio das agulhas, utilizamos algumas t\u00e9cnicas como alternativa \u00e0s agulhas de acupuntura, sendo utilizados com os mesmos resultados, s\u00e3o t\u00e9cnicas sem uso de agulhas, como a Cromopuntura, Eletropuntura, uso de Laser Vermelho de baixa frequ\u00eancia (ilib), EletroAcupuntura (com agulha).<\/p>\n<p><em><strong>PRE\u00c7O SOB CONSULTA<\/strong><\/em><\/p>\n<p><em><strong>ENTRAR EM CONTATO PELO LINK ABAIXO\u00a0<\/strong><\/em><\/p>\n<p><a href=\"https:\/\/wa.me\/5521969686556\">Informac\u00f5es Acupuntura aqui!<\/a><\/p>\n<p>&nbsp;<\/p>\n<p>&nbsp;<\/p>\n<p>&nbsp;<\/p>\n<p>&nbsp;<\/p>\n<p>&nbsp;<\/p>\n<p>&nbsp;<\/p>\n<p>&nbsp;<\/p>\n<p>&nbsp;<\/p>\n<p>&nbsp;<\/p>\n<p>&nbsp;<\/p>\n<p>&nbsp;<\/p>\n<p>&nbsp;<\/p>\n<p>&nbsp;<\/p>\n<p>&nbsp;<\/p>\n<p>&nbsp;<\/p>\n<p>&nbsp;<\/p>\n<p>&nbsp;<\/p>\n<p>&nbsp;<\/p>\n<p>&nbsp;<\/p>\n<p>&nbsp;<\/p>\n<p>&nbsp;<\/p>\n","protected":false},"featured_media":4724,"comment_status":"open","ping_status":"closed","template":"","meta":{"_exactmetrics_skip_tracking":false,"_exactmetrics_sitenote_active":false,"_exactmetrics_sitenote_note":"","_exactmetrics_sitenote_category":0},"product_brand":[],"product_cat":[668],"product_tag":[234,232,236,237,667,238,235,233],"class_list":{"0":"post-74","1":"product","2":"type-product","3":"status-publish","4":"has-post-thumbnail","6":"product_cat-saude","7":"product_tag-acupuntura","8":"product_tag-acupuntura-a-laser","9":"product_tag-alivio-dor-de-cabeca","10":"product_tag-alivio-tpm","11":"product_tag-auriculoterapia","12":"product_tag-emagrecer","13":"product_tag-equilibrio-energetico","14":"product_tag-laserterapia","16":"first","17":"instock","18":"downloadable","19":"virtual","20":"product-type-simple"},"_links":{"self":[{"href":"https:\/\/lavandaspa.com.br\/loja\/wp-json\/wp\/v2\/product\/74","targetHints":{"allow":["GET"]}}],"collection":[{"href":"https:\/\/lavandaspa.com.br\/loja\/wp-json\/wp\/v2\/product"}],"about":[{"href":"https:\/\/lavandaspa.com.br\/loja\/wp-json\/wp\/v2\/types\/product"}],"replies":[{"embeddable":true,"href":"https:\/\/lavandaspa.com.br\/loja\/wp-json\/wp\/v2\/comments?post=74"}],"wp:featuredmedia":[{"embeddable":true,"href":"https:\/\/lavandaspa.com.br\/loja\/wp-json\/wp\/v2\/media\/4724"}],"wp:attachment":[{"href":"https:\/\/lavandaspa.com.br\/loja\/wp-json\/wp\/v2\/media?parent=74"}],"wp:term":[{"taxonomy":"product_brand","embeddable":true,"href":"https:\/\/lavandaspa.com.br\/loja\/wp-json\/wp\/v2\/product_brand?post=74"},{"taxonomy":"product_cat","embeddable":true,"href":"https:\/\/lavandaspa.com.br\/loja\/wp-json\/wp\/v2\/product_cat?post=74"},{"taxonomy":"product_tag","embeddable":true,"href":"https:\/\/lavandaspa.com.br\/loja\/wp-json\/wp\/v2\/product_tag?post=74"}],"curies":[{"name":"wp","href":"https:\/\/api.w.org\/{rel}","templated":true}]}}