{"id":75,"date":"2017-10-22T20:40:48","date_gmt":"2017-10-22T22:40:48","guid":{"rendered":"http:\/\/lavandaspa.com.br\/loja\/?post_type=product&#038;p=75"},"modified":"2025-06-10T11:23:03","modified_gmt":"2025-06-10T14:23:03","slug":"limpeza-de-pele","status":"publish","type":"product","link":"https:\/\/lavandaspa.com.br\/loja\/produto\/limpeza-de-pele\/","title":{"rendered":"Limpeza de Pele Personalit\u00e9 ( Full Face)"},"content":{"rendered":"","protected":false},"excerpt":{"rendered":"<p>A Limpeza de Pele 3D (Full Face)<br \/>\nProcedimento completo, a partir de uma avalia\u00e7\u00e3o individualizada \u00e9 realizado um protocolo personalizado conforme a necessidade de sua pele.<\/p>\n<p>T\u00e9cnica que garante remo\u00e7\u00e3o das c\u00e9lulas mortas nas camadas mais superficiais da pele e elimina impurezas, como res\u00edduos de polui\u00e7\u00e3o e maquiagem.<\/p>\n<p>O procedimento promove a higieniza\u00e7\u00e3o da pele mais profunda que a limpeza de pele simples, estimula a regenera\u00e7\u00e3o das c\u00e9lulas e deixar a pele com um aspecto mais bonito e saud\u00e1vel, com a\u00e7\u00f5es:<\/p>\n<ul>\n<li>Decapante (Remove uma fina camada de c\u00e9lulas mortas e queratina da pele tornando-as mais finas)<\/li>\n<li>Dermotonificante (Hidratante e firmante)<\/li>\n<li>Extra\u00e7\u00e3o<\/li>\n<li>Peeling Termal Ultrass\u00f4nico<\/li>\n<li>Micro Corrente<\/li>\n<li>Fotobioestimula\u00e7\u00e3o \u00e0 Led ( estimulo de col\u00e1geno e do metabolismo celular)<\/li>\n<li>Toque Facial relaxante<\/li>\n<\/ul>\n<p>Tempo aproximado: 95 min<\/p>\n<p>Valores promocionais para pagamento PIX ou D\u00e9bito<\/p>\n","protected":false},"featured_media":4529,"comment_status":"closed","ping_status":"closed","template":"","meta":{"_exactmetrics_skip_tracking":false,"_exactmetrics_sitenote_active":false,"_exactmetrics_sitenote_note":"","_exactmetrics_sitenote_category":0},"product_brand":[],"product_cat":[41,20],"product_tag":[229,230,226,227,231,228],"class_list":{"0":"post-75","1":"product","2":"type-product","3":"status-publish","4":"has-post-thumbnail","6":"product_cat-estetica","7":"product_cat-facial","8":"product_tag-acne","9":"product_tag-espinhas","10":"product_tag-limpeza-de-pele","11":"product_tag-peeling","12":"product_tag-pele-oleosa","13":"product_tag-prevencao-de-espinhas","15":"first","16":"instock","17":"sale","18":"featured","19":"downloadable","20":"virtual","21":"purchasable","22":"product-type-simple"},"_links":{"self":[{"href":"https:\/\/lavandaspa.com.br\/loja\/wp-json\/wp\/v2\/product\/75","targetHints":{"allow":["GET"]}}],"collection":[{"href":"https:\/\/lavandaspa.com.br\/loja\/wp-json\/wp\/v2\/product"}],"about":[{"href":"https:\/\/lavandaspa.com.br\/loja\/wp-json\/wp\/v2\/types\/product"}],"replies":[{"embeddable":true,"href":"https:\/\/lavandaspa.com.br\/loja\/wp-json\/wp\/v2\/comments?post=75"}],"wp:featuredmedia":[{"embeddable":true,"href":"https:\/\/lavandaspa.com.br\/loja\/wp-json\/wp\/v2\/media\/4529"}],"wp:attachment":[{"href":"https:\/\/lavandaspa.com.br\/loja\/wp-json\/wp\/v2\/media?parent=75"}],"wp:term":[{"taxonomy":"product_brand","embeddable":true,"href":"https:\/\/lavandaspa.com.br\/loja\/wp-json\/wp\/v2\/product_brand?post=75"},{"taxonomy":"product_cat","embeddable":true,"href":"https:\/\/lavandaspa.com.br\/loja\/wp-json\/wp\/v2\/product_cat?post=75"},{"taxonomy":"product_tag","embeddable":true,"href":"https:\/\/lavandaspa.com.br\/loja\/wp-json\/wp\/v2\/product_tag?post=75"}],"curies":[{"name":"wp","href":"https:\/\/api.w.org\/{rel}","templated":true}]}}