{"id":78,"date":"2017-10-22T20:42:11","date_gmt":"2017-10-22T22:42:11","guid":{"rendered":"http:\/\/lavandaspa.com.br\/loja\/?post_type=product&#038;p=78"},"modified":"2026-05-10T12:34:30","modified_gmt":"2026-05-10T15:34:30","slug":"biorejuvenescimento","status":"publish","type":"product","link":"https:\/\/lavandaspa.com.br\/loja\/produto\/biorejuvenescimento\/","title":{"rendered":"BioRejuvenescimento"},"content":{"rendered":"","protected":false},"excerpt":{"rendered":"<p>Rejuvenescimento facial sem traumas e sem dor!<\/p>\n<p>O Bio Rejuvenescimento promove a melhora da circula\u00e7\u00e3o, oxigena\u00e7\u00e3o, promove a renova\u00e7\u00e3o das c\u00e9lulas de col\u00e1geno, reativando-as e fazendo que produzam novamente.\u00a0\u00a0Al\u00e9m de n\u00e3o invasivo, os resultados s\u00e3o imediatos, com efeito lifting j\u00e1 na primeira sess\u00e3o!<\/p>\n<ul>\n<li>Radiofrequ\u00eancia Facial<\/li>\n<li>Eletroestimula\u00e7\u00e3o Facial<\/li>\n<li>Kobido t\u00e9cnica Facial Japonesa<\/li>\n<\/ul>\n<p>90 minutos<\/p>\n","protected":false},"featured_media":4271,"comment_status":"open","ping_status":"closed","template":"","meta":{"_exactmetrics_skip_tracking":false,"_exactmetrics_sitenote_active":false,"_exactmetrics_sitenote_note":"","_exactmetrics_sitenote_category":0},"product_brand":[],"product_cat":[41,20],"product_tag":[219,217,220,221,218],"class_list":{"0":"post-78","1":"product","2":"type-product","3":"status-publish","4":"has-post-thumbnail","6":"product_cat-estetica","7":"product_cat-facial","8":"product_tag-botox","9":"product_tag-lifting","10":"product_tag-preenchimento","11":"product_tag-preenchimento-facial","12":"product_tag-rejuvenescimento-facial","14":"first","15":"instock","16":"downloadable","17":"virtual","18":"purchasable","19":"product-type-simple"},"_links":{"self":[{"href":"https:\/\/lavandaspa.com.br\/loja\/wp-json\/wp\/v2\/product\/78","targetHints":{"allow":["GET"]}}],"collection":[{"href":"https:\/\/lavandaspa.com.br\/loja\/wp-json\/wp\/v2\/product"}],"about":[{"href":"https:\/\/lavandaspa.com.br\/loja\/wp-json\/wp\/v2\/types\/product"}],"replies":[{"embeddable":true,"href":"https:\/\/lavandaspa.com.br\/loja\/wp-json\/wp\/v2\/comments?post=78"}],"wp:featuredmedia":[{"embeddable":true,"href":"https:\/\/lavandaspa.com.br\/loja\/wp-json\/wp\/v2\/media\/4271"}],"wp:attachment":[{"href":"https:\/\/lavandaspa.com.br\/loja\/wp-json\/wp\/v2\/media?parent=78"}],"wp:term":[{"taxonomy":"product_brand","embeddable":true,"href":"https:\/\/lavandaspa.com.br\/loja\/wp-json\/wp\/v2\/product_brand?post=78"},{"taxonomy":"product_cat","embeddable":true,"href":"https:\/\/lavandaspa.com.br\/loja\/wp-json\/wp\/v2\/product_cat?post=78"},{"taxonomy":"product_tag","embeddable":true,"href":"https:\/\/lavandaspa.com.br\/loja\/wp-json\/wp\/v2\/product_tag?post=78"}],"curies":[{"name":"wp","href":"https:\/\/api.w.org\/{rel}","templated":true}]}}